{"id":1563,"date":"2025-09-15T10:51:44","date_gmt":"2025-09-15T15:51:44","guid":{"rendered":"https:\/\/saludsinlimites.pe\/?page_id=1563"},"modified":"2025-09-22T21:08:55","modified_gmt":"2025-09-23T02:08:55","slug":"investigacion","status":"publish","type":"page","link":"https:\/\/saludsinlimites.pe\/index.php\/investigacion\/","title":{"rendered":"Art\u00edculos"},"content":{"rendered":"\n<p class=\"has-heading-font-family\" style=\"margin-top:0;margin-right:0;margin-bottom:0;margin-left:0;font-size:clamp(21.536px, 1.346rem + ((1vw - 3.2px) * 1.403), 35px);\"><\/p>\n\n\n\n<div class=\"wp-block-group alignfull has-background is-layout-flow wp-block-group-is-layout-flow\" style=\"border-radius:16px;background-color:#e8f4e3;padding-top:var(--wp--preset--spacing--10);padding-right:var(--wp--preset--spacing--50);padding-bottom:var(--wp--preset--spacing--10);padding-left:var(--wp--preset--spacing--50)\">\n<p class=\"has-text-align-center has-heading-font-family has-x-large-font-size\"><strong>Revisa nuestros art\u00edculos de investigaci\u00f3n<\/strong><\/p>\n<\/div>\n\n\n\n<div class=\"wp-block-group alignfull has-global-padding is-layout-constrained wp-container-core-group-is-layout-2df14bad wp-block-group-is-layout-constrained\" style=\"margin-top:0;margin-bottom:0;padding-top:var(--wp--preset--spacing--10);padding-right:var(--wp--preset--spacing--50);padding-bottom:var(--wp--preset--spacing--10);padding-left:var(--wp--preset--spacing--50)\">\n<figure class=\"wp-block-image alignfull size-large\"><img loading=\"lazy\" decoding=\"async\" width=\"1024\" height=\"388\" src=\"https:\/\/saludsinlimites.pe\/wp-content\/uploads\/2025\/09\/Mujeres-nativas-1024x388.jpg\" alt=\"\" class=\"wp-image-1687\" srcset=\"https:\/\/saludsinlimites.pe\/wp-content\/uploads\/2025\/09\/Mujeres-nativas-1024x388.jpg 1024w, https:\/\/saludsinlimites.pe\/wp-content\/uploads\/2025\/09\/Mujeres-nativas-300x114.jpg 300w, https:\/\/saludsinlimites.pe\/wp-content\/uploads\/2025\/09\/Mujeres-nativas-768x291.jpg 768w, https:\/\/saludsinlimites.pe\/wp-content\/uploads\/2025\/09\/Mujeres-nativas-1536x581.jpg 1536w, https:\/\/saludsinlimites.pe\/wp-content\/uploads\/2025\/09\/Mujeres-nativas.jpg 2048w\" sizes=\"auto, (max-width: 1024px) 100vw, 1024px\" \/><\/figure>\n<\/div>\n\n\n\n<div class=\"wp-block-group alignwide has-base-color has-text-color has-background has-link-color wp-elements-f6df534f5d724cec624832ee5f0ffc2f has-global-padding is-layout-constrained wp-container-core-group-is-layout-c7a42c40 wp-block-group-is-layout-constrained\" style=\"background-color:#6ca153;margin-top:0;margin-bottom:0;padding-top:var(--wp--preset--spacing--20);padding-right:var(--wp--preset--spacing--50);padding-bottom:var(--wp--preset--spacing--20);padding-left:var(--wp--preset--spacing--50)\">\n<div class=\"wp-block-group alignwide is-layout-flow wp-block-group-is-layout-flow\">\n<hr class=\"wp-block-separator has-text-color has-base-color has-alpha-channel-opacity has-base-background-color has-background is-style-wide\" style=\"margin-top:var(--wp--preset--spacing--30);margin-bottom:var(--wp--preset--spacing--30)\"\/>\n\n\n\n<h3 class=\"wp-block-heading alignwide has-base-2-color has-text-color has-link-color wp-elements-3aa0839948f6c46ea1588040671f07b6\">Salud materna e interculturalidad<\/h3>\n\n\n\n<p class=\"has-contrast-1-color has-text-color has-link-color wp-elements-f4d6b91ee06c3b4ffee2a8e09f31e19c\">Pesantes, MA, Baz\u00e1n Maccera, M., &amp; Ponce Lucero, V. (2025). Salud materna intercultural en la Amazon\u00eda peruana: una pol\u00edtica no aplicada. Organizaci\u00f3n humana , 84 (2), 234\u2013246.<\/p>\n\n\n\n<div class=\"wp-block-buttons is-layout-flex wp-block-buttons-is-layout-flex\">\n<div class=\"wp-block-button\"><a class=\"wp-block-button__link wp-element-button\" href=\"https:\/\/doi.org\/10.1080\/00187259.2024.2435614\">Leer art\u00edculo<\/a><\/div>\n<\/div>\n\n\n\n<hr class=\"wp-block-separator has-text-color has-base-color has-alpha-channel-opacity has-base-background-color has-background is-style-wide\" style=\"margin-top:var(--wp--preset--spacing--30);margin-bottom:var(--wp--preset--spacing--30)\"\/>\n\n\n\n<h3 class=\"wp-block-heading alignwide has-base-2-color has-text-color has-link-color wp-elements-912a3cdb9bbcbf8bd4365f15adbdc44a\">Perspectiva ind\u00edgena sobre la transici\u00f3n nutricional<\/h3>\n\n\n\n<p class=\"has-contrast-1-color has-text-color has-link-color wp-elements-1dd7b3f50f741bdfe244bae3071838f7\">Maria Amalia Pesantes, Mariella Baz\u00e1n Macera, Sabine Mercier &amp; Pamela Giselle Katic (2024) Healthy food, unhealthy food: Indigenous perspectives on the nutrition transition, Global Public Health, 19:1, 2329210, DOI: 10.1080\/17441692.2024.2329210<\/p>\n\n\n\n<div class=\"wp-block-buttons is-layout-flex wp-block-buttons-is-layout-flex\">\n<div class=\"wp-block-button\"><a class=\"wp-block-button__link wp-element-button\" href=\"https:\/\/doi.org\/10.1080\/17441692.2024.2329210\">Leer art\u00edculo<\/a><\/div>\n<\/div>\n\n\n\n<hr class=\"wp-block-separator has-text-color has-base-color has-alpha-channel-opacity has-base-background-color has-background is-style-wide\" style=\"margin-top:var(--wp--preset--spacing--30);margin-bottom:var(--wp--preset--spacing--30)\"\/>\n\n\n\n<h3 class=\"wp-block-heading alignwide has-base-2-color has-text-color has-link-color wp-elements-384a6ba2e9efdc6015024ee17d1edf21\">Atenci\u00f3n en salud materna culturalmente apropiada: lecciones desde las comunidades ind\u00edgenas de selva central.<\/h3>\n\n\n\n<p class=\"has-contrast-1-color has-text-color has-link-color wp-elements-76492d96324abb7680b6f9db8686d5f9\">Baz\u00e1n M., M. Amalia Pesantes., (2024). Atenci\u00f3n en salud materna culturalmente apropiada: lecciones desde las comunidades ind\u00edgenas de la selva central. Resumen N\u00b0001 SSLP\/FONDECYT. Per\u00fa.<\/p>\n\n\n\n<div class=\"wp-block-buttons is-layout-flex wp-block-buttons-is-layout-flex\">\n<div class=\"wp-block-button\"><a class=\"wp-block-button__link wp-element-button\" href=\"https:\/\/saludsinlimites.pe\/wp-content\/uploads\/2025\/09\/Policy_Brief_01-FINAL-22.03.2024_com.pdf\">Leer art\u00edculo<\/a><\/div>\n<\/div>\n<\/div>\n\n\n\n<div class=\"wp-block-group alignwide is-layout-flow wp-block-group-is-layout-flow\">\n<hr class=\"wp-block-separator has-text-color has-base-color has-alpha-channel-opacity has-base-background-color has-background is-style-wide\" style=\"margin-top:var(--wp--preset--spacing--30);margin-bottom:var(--wp--preset--spacing--30)\"\/>\n\n\n\n<h3 class=\"wp-block-heading alignwide has-base-2-color has-text-color has-link-color wp-elements-062571f9f46244f00cd3eb1e01507b35\">Atenci\u00f3n en salud materna culturalmente apropiada: recomendaciones desde las comunidades ind\u00edgenas de la selva central.<\/h3>\n\n\n\n<p class=\"has-contrast-1-color has-text-color has-link-color wp-elements-7923118fbf9aa5c93d4d2419b24b26da\">Baz\u00e1n M., M. Amalia Pesantes., (2024). Atenci\u00f3n en salud materna culturalmente apropiada: recomendaciones desde las comunidades ind\u00edgenas de la selva central. Resumen N\u00b0002 SSLP\/FONDECYT. Per\u00fa.<\/p>\n\n\n\n<div class=\"wp-block-buttons is-layout-flex wp-block-buttons-is-layout-flex\">\n<div class=\"wp-block-button\"><a class=\"wp-block-button__link wp-element-button\" href=\"https:\/\/saludsinlimites.pe\/wp-content\/uploads\/2025\/09\/Policy_Brief_02-FINAL-22.03.2024_comp.pdf\">Leer art\u00edculo<\/a><\/div>\n<\/div>\n\n\n\n<hr class=\"wp-block-separator has-text-color has-base-color has-alpha-channel-opacity has-base-background-color has-background is-style-wide\" style=\"margin-top:var(--wp--preset--spacing--30);margin-bottom:var(--wp--preset--spacing--30)\"\/>\n\n\n\n<h3 class=\"wp-block-heading alignwide has-base-2-color has-text-color has-link-color wp-elements-abb1f79fa040a7038b4816fa220341f9\">Derecho a la salud y TBC<\/h3>\n\n\n\n<p class=\"has-contrast-1-color has-text-color has-link-color wp-elements-d022c9badf389740a10e4a3cbab885db\">Gianella, C., Pesantes, M., Ugarte-Gil, C. et al. Poblaciones vulnerables y el derecho a la salud: lecciones de la Amazon\u00eda peruana sobre el control de la tuberculosis. Int J Equity Health 18 , 28 (2019).<\/p>\n\n\n\n<div class=\"wp-block-buttons is-layout-flex wp-block-buttons-is-layout-flex\">\n<div class=\"wp-block-button\"><a class=\"wp-block-button__link wp-element-button\" href=\"https:\/\/doi.org\/10.1186\/s12939-019-0928-z\">Leer art\u00edculo<\/a><\/div>\n<\/div>\n\n\n\n<hr class=\"wp-block-separator has-text-color has-base-color has-alpha-channel-opacity has-base-background-color has-background is-style-wide\" style=\"margin-top:var(--wp--preset--spacing--30);margin-bottom:var(--wp--preset--spacing--30)\"\/>\n\n\n\n<h3 class=\"wp-block-heading alignwide has-base-2-color has-text-color has-link-color wp-elements-f39a475f9a63e0dce8c83e1de97e3d74\">Mujeres ind\u00edgenas en las ciencias<\/h3>\n\n\n\n<p class=\"has-contrast-1-color has-text-color has-link-color wp-elements-e9a395790dade52fc91eb784502e93aa\">Mar\u00eda Amalia Pesantes, Cynthia C\u00e1rdenas, Claudia Lema: El acceso de las mujeres a carreras de ciencia y tecnolog\u00eda en Iquitos desde la mirada del g\u00e9nero y la interculturalidad: un estudio cualitativo. 2019.<\/p>\n\n\n\n<p class=\"has-contrast-1-color has-text-color has-link-color wp-elements-8a6244d0256af1d148be9c6f8727b5fe\"><\/p>\n\n\n\n<div class=\"wp-block-buttons is-layout-flex wp-block-buttons-is-layout-flex\">\n<div class=\"wp-block-button\"><a class=\"wp-block-button__link wp-element-button\" href=\"https:\/\/www.researchgate.net\/publication\/334811892_Nosotras_tambien_podemos_Mujeres_indigenas_en_la_Universidad_de_la_Amazonia_Peruana_y_la_Universidad_Cientifica_del_Peru\">Leer art\u00edculo<\/a><\/div>\n<\/div>\n\n\n\n<hr class=\"wp-block-separator has-text-color has-base-color has-alpha-channel-opacity has-base-background-color has-background is-style-wide\" style=\"margin-top:var(--wp--preset--spacing--30);margin-bottom:var(--wp--preset--spacing--30)\"\/>\n\n\n\n<h3 class=\"wp-block-heading alignwide has-base-2-color has-text-color has-link-color wp-elements-644addb055b9f4b3a2f9fadbd8c6e534\">TBC: caso de una comunidad ind\u00edgena<\/h3>\n\n\n\n<p class=\"has-contrast-1-color has-text-color has-link-color wp-elements-3d3423e6b8097544ee20b4bf35baf56a\">Gianella C, Ugarte-Gil C, Caro G, Aylas R, Castro C, Lema C. TB in Vulnerable Populations: The Case of an Indigenous Community in the Peruvian Amazon. Health Hum Rights. 2016 Jun;18(1):55-68. PMID: 27780999; PMCID: PMC5070680.<\/p>\n\n\n\n<div class=\"wp-block-buttons is-layout-flex wp-block-buttons-is-layout-flex\">\n<div class=\"wp-block-button\"><a class=\"wp-block-button__link wp-element-button\" href=\"https:\/\/pmc.ncbi.nlm.nih.gov\/articles\/PMC5070680\/\">Leer art\u00edculo<\/a><\/div>\n<\/div>\n\n\n\n<p class=\"has-contrast-1-color has-text-color has-link-color wp-elements-8a6244d0256af1d148be9c6f8727b5fe\"><\/p>\n\n\n\n<p class=\"has-contrast-1-color has-text-color has-link-color wp-elements-8a6244d0256af1d148be9c6f8727b5fe\"><\/p>\n<\/div>\n<\/div>\n\n\n\n<div class=\"wp-block-group alignfull has-global-padding is-layout-constrained wp-container-core-group-is-layout-d89aad35 wp-block-group-is-layout-constrained\" style=\"margin-top:0;margin-bottom:0;padding-top:var(--wp--preset--spacing--50);padding-right:var(--wp--preset--spacing--50);padding-bottom:var(--wp--preset--spacing--50);padding-left:var(--wp--preset--spacing--50)\">\n<div class=\"wp-block-columns alignwide are-vertically-aligned-center is-layout-flex wp-container-core-columns-is-layout-47c06fe3 wp-block-columns-is-layout-flex\">\n<div class=\"wp-block-column is-vertically-aligned-center is-layout-flow wp-block-column-is-layout-flow\" style=\"flex-basis:50%\">\n<h2 class=\"wp-block-heading\">\u00abNosotras tambi\u00e9n podemos\u00bb<\/h2>\n\n\n\n<p class=\"has-heading-font-family\"><em><strong>Mujeres ind\u00edgenas en las ciencias<\/strong><\/em><\/p>\n\n\n\n<p class=\"has-heading-font-family\">El estudio analiza el acceso, formaci\u00f3n y egreso de mujeres ind\u00edgenas en universidades de Iquitos. Aunque existen acciones afirmativas para el ingreso, no hay estrategias para su permanencia y egreso, persistiendo pr\u00e1cticas discriminatorias por la falta de adaptaci\u00f3n a la diversidad.<\/p>\n<\/div>\n\n\n\n<div class=\"wp-block-column is-vertically-aligned-center is-layout-flow wp-block-column-is-layout-flow\" style=\"flex-basis:50%\">\n<figure class=\"wp-block-embed is-type-video is-provider-youtube wp-block-embed-youtube wp-embed-aspect-16-9 wp-has-aspect-ratio\"><div class=\"wp-block-embed__wrapper\">\n<iframe loading=\"lazy\" title=\"Estudio &quot;Nosotras tambi\u00e9n podemos: Mujeres ind\u00edgenas en Universidades del Per\u00fa&quot;, M. Pesantes - SSL\" width=\"500\" height=\"281\" src=\"https:\/\/www.youtube.com\/embed\/xcVyrKvWLzk?start=131&#038;feature=oembed\" frameborder=\"0\" allow=\"accelerometer; autoplay; clipboard-write; encrypted-media; gyroscope; picture-in-picture; web-share\" referrerpolicy=\"strict-origin-when-cross-origin\" allowfullscreen><\/iframe>\n<\/div><\/figure>\n<\/div>\n<\/div>\n\n\n\n<p><\/p>\n\n\n\n<p><\/p>\n<\/div>\n","protected":false},"excerpt":{"rendered":"<p>Revisa nuestros art\u00edculos de investigaci\u00f3n Salud materna e interculturalidad Pesantes, MA, Baz\u00e1n Maccera, M., &amp; Ponce Lucero, V. (2025). Salud materna intercultural en la Amazon\u00eda peruana: una pol\u00edtica no aplicada. Organizaci\u00f3n humana , 84 (2), 234\u2013246. Perspectiva ind\u00edgena sobre la transici\u00f3n nutricional Maria Amalia Pesantes, Mariella Baz\u00e1n Macera, Sabine Mercier &amp; Pamela Giselle Katic (2024) [&hellip;]<\/p>\n","protected":false},"author":1,"featured_media":0,"parent":0,"menu_order":0,"comment_status":"closed","ping_status":"closed","template":"page-no-title","meta":{"footnotes":""},"class_list":["post-1563","page","type-page","status-publish","hentry"],"_links":{"self":[{"href":"https:\/\/saludsinlimites.pe\/index.php\/wp-json\/wp\/v2\/pages\/1563","targetHints":{"allow":["GET"]}}],"collection":[{"href":"https:\/\/saludsinlimites.pe\/index.php\/wp-json\/wp\/v2\/pages"}],"about":[{"href":"https:\/\/saludsinlimites.pe\/index.php\/wp-json\/wp\/v2\/types\/page"}],"author":[{"embeddable":true,"href":"https:\/\/saludsinlimites.pe\/index.php\/wp-json\/wp\/v2\/users\/1"}],"replies":[{"embeddable":true,"href":"https:\/\/saludsinlimites.pe\/index.php\/wp-json\/wp\/v2\/comments?post=1563"}],"version-history":[{"count":54,"href":"https:\/\/saludsinlimites.pe\/index.php\/wp-json\/wp\/v2\/pages\/1563\/revisions"}],"predecessor-version":[{"id":1850,"href":"https:\/\/saludsinlimites.pe\/index.php\/wp-json\/wp\/v2\/pages\/1563\/revisions\/1850"}],"wp:attachment":[{"href":"https:\/\/saludsinlimites.pe\/index.php\/wp-json\/wp\/v2\/media?parent=1563"}],"curies":[{"name":"wp","href":"https:\/\/api.w.org\/{rel}","templated":true}]}}