{"id":168,"date":"2025-08-08T11:11:29","date_gmt":"2025-08-08T16:11:29","guid":{"rendered":"http:\/\/localhost\/SSL_Wordpress\/?page_id=168"},"modified":"2025-09-22T15:29:00","modified_gmt":"2025-09-22T20:29:00","slug":"historia","status":"publish","type":"page","link":"https:\/\/saludsinlimites.pe\/index.php\/historia\/","title":{"rendered":"Historia"},"content":{"rendered":"<div class=\"n2_clear\"><ss3-force-full-width data-overflow-x=\"body\" data-horizontal-selector=\"body\"><div class=\"n2-section-smartslider fitvidsignore  n2_clear\" data-ssid=\"18\"><div id=\"n2-ss-18-align\" class=\"n2-ss-align\"><div class=\"n2-padding\"><div id=\"n2-ss-18\" data-creator=\"Smart Slider 3\" data-responsive=\"fullwidth\" class=\"n2-ss-slider n2-ow n2-has-hover n2notransition  \">\n        <div class=\"n2-ss-slider-1 n2_ss__touch_element n2-ow\">\n            <div class=\"n2-ss-slider-2 n2-ow\">\n                                                <div class=\"n2-ss-slider-3 n2-ow\">\n\n                    <div class=\"n2-ss-slide-backgrounds n2-ow-all\"><div class=\"n2-ss-slide-background\" data-public-id=\"1\" data-mode=\"fill\"><div class=\"n2-ss-slide-background-image\" data-blur=\"0\" data-opacity=\"100\" data-x=\"0\" data-y=\"43\" data-alt=\"\" data-title=\"\" style=\"--ss-o-pos-x:0%;--ss-o-pos-y:43%\"><picture class=\"skip-lazy\" data-skip-lazy=\"1\"><img decoding=\"async\" src=\"\/\/saludsinlimites.pe\/wp-content\/uploads\/2025\/09\/Historia.png\" alt=\"\" title=\"\" loading=\"lazy\" class=\"skip-lazy\" data-skip-lazy=\"1\"><\/picture><\/div><div data-color=\"RGBA(255,255,255,0)\" style=\"background-color: RGBA(255,255,255,0);\" class=\"n2-ss-slide-background-color\"><\/div><\/div><\/div>                    <div class=\"n2-ss-slider-4 n2-ow\">\n                        <svg xmlns=\"http:\/\/www.w3.org\/2000\/svg\" viewBox=\"0 0 1200 600\" data-related-device=\"desktopPortrait\" class=\"n2-ow n2-ss-preserve-size n2-ss-preserve-size--slider n2-ss-slide-limiter\"><\/svg><div data-first=\"1\" data-slide-duration=\"0\" data-id=\"55\" data-slide-public-id=\"1\" data-title=\"Lamina submenu_1\" class=\"n2-ss-slide n2-ow  n2-ss-slide-55\"><div role=\"note\" class=\"n2-ss-slide--focus\" tabindex=\"-1\">Lamina submenu_1<\/div><div class=\"n2-ss-layers-container n2-ss-slide-limiter n2-ow\"><div class=\"n2-ss-layer n2-ow n-uc-jJZtXcZCPqEH\" data-sstype=\"slide\" data-pm=\"default\"><div class=\"n2-ss-layer n2-ow n-uc-C7NNTTrJt7uQ\" data-pm=\"default\" data-sstype=\"content\" data-hasbackground=\"0\"><div class=\"n2-ss-section-main-content n2-ss-layer-with-background n2-ss-layer-content n2-ow n-uc-C7NNTTrJt7uQ-inner\"><div class=\"n2-ss-layer n2-ow n-uc-OeJPVv6Qx69S\" data-pm=\"normal\" data-sstype=\"layer\"><div id=\"n2-ss-18item1\" class=\"n2-font-ae4c6accce5ced4c43c5741c09b2293e-hover   n2-ss-item-content n2-ss-text n2-ow\" style=\"display:block;\">&#8211; HISTORIA &#8211;<\/div><\/div><div class=\"n2-ss-layer n2-ow n-uc-kwNrBwg5du2L\" data-pm=\"normal\" data-sstype=\"layer\"><div class=\"n2-ss-item-content n2-ss-text n2-ow-all\"><div class=\"\"><p class=\"n2-font-586267f091e694514274fbea619578d6-paragraph   \">Desde hace 22 a\u00f1os, Salud Sin L\u00edmites Per\u00fa, aporta a la sociedad a trav\u00e9s de la mejora de las condiciones de salud en las comunidades m\u00e1s vulnerables e ind\u00edgenas del pa\u00eds, principalmente mediante intervenciones de Atenci\u00f3n Primaria de Salud en comunidades ind\u00edgenas y zonas rurales de las regiones  andinas y amaz\u00f3nicas del Per\u00fa. <\/p>\n<\/div><\/div><\/div><\/div><\/div><\/div><\/div><\/div>                    <\/div>\n\n                                    <\/div>\n            <\/div>\n        <\/div>\n        <\/div><ss3-loader><\/ss3-loader><\/div><\/div><div class=\"n2_clear\"><\/div><\/div><\/ss3-force-full-width><\/div>\n\n\n<div class=\"wp-block-columns is-layout-flex wp-container-core-columns-is-layout-28f84493 wp-block-columns-is-layout-flex\">\n<div class=\"wp-block-column is-vertically-aligned-stretch is-layout-flow wp-block-column-is-layout-flow\"><\/div>\n<\/div>\n\n\n\n<p class=\"has-heading-font-family\" style=\"font-size:clamp(14px, 0.875rem + ((1vw - 3.2px) * 0.625), 20px);\">Salud Sin L\u00edmites Per\u00fa se cre\u00f3 en 2002 con el objetivo de contribuir al desarrollo de pol\u00edticas p\u00fablicas de salud por medio de intervenciones en Atenci\u00f3n Primaria de Salud con poblaci\u00f3n vulnerable e ind\u00edgena de distintas zonas rurales del pa\u00eds.<\/p>\n\n\n\n<p class=\"has-heading-font-family\" style=\"font-size:clamp(14px, 0.875rem + ((1vw - 3.2px) * 0.625), 20px);\">Nuestro trabajo se caracteriza por la presencia en terreno, la participaci\u00f3n de las comunidades nativas o campesinas y sus organizaciones, y la implementaci\u00f3n de los enfoques de derecho, g\u00e9nero e interculturalidad. Buscamos fortalecer el di\u00e1logo entre el Estado, para la universalizaci\u00f3n del derecho a la salud, y a la sociedad civil, para la puesta en vigencia de sus derechos, con especial \u00e9nfasis en sus derechos culturales.<\/p>\n\n\n\n<p class=\"has-heading-font-family\" style=\"font-size:clamp(14px, 0.875rem + ((1vw - 3.2px) * 0.625), 20px);\">El equipo de Salud Sin L\u00edmites Per\u00fa se caracteriza por tener una amplia experiencia en el sector salud y en diferentes regiones del pa\u00eds. Asimismo, se trata de profesionales de diferentes disciplinas, contamos con enfermeras, antrop\u00f3logos, psic\u00f3logos, obstetras, educadores, comunicadores, ingenieros agr\u00edcolas, administradores y contadores.<\/p>\n\n\n\n<p class=\"has-heading-font-family\" style=\"font-size:clamp(0.875rem, 0.875rem + ((1vw - 0.2rem) * 0.708), 1.3rem);\"><\/p>\n\n\n\n<p><\/p>\n","protected":false},"excerpt":{"rendered":"<p>Salud Sin L\u00edmites Per\u00fa se cre\u00f3 en 2002 con el objetivo de contribuir al desarrollo de pol\u00edticas p\u00fablicas de salud por medio de intervenciones en Atenci\u00f3n Primaria de Salud con poblaci\u00f3n vulnerable e ind\u00edgena de distintas zonas rurales del pa\u00eds. Nuestro trabajo se caracteriza por la presencia en terreno, la participaci\u00f3n de las comunidades nativas [&hellip;]<\/p>\n","protected":false},"author":1,"featured_media":0,"parent":0,"menu_order":0,"comment_status":"closed","ping_status":"closed","template":"page-no-title","meta":{"footnotes":""},"class_list":["post-168","page","type-page","status-publish","hentry"],"_links":{"self":[{"href":"https:\/\/saludsinlimites.pe\/index.php\/wp-json\/wp\/v2\/pages\/168","targetHints":{"allow":["GET"]}}],"collection":[{"href":"https:\/\/saludsinlimites.pe\/index.php\/wp-json\/wp\/v2\/pages"}],"about":[{"href":"https:\/\/saludsinlimites.pe\/index.php\/wp-json\/wp\/v2\/types\/page"}],"author":[{"embeddable":true,"href":"https:\/\/saludsinlimites.pe\/index.php\/wp-json\/wp\/v2\/users\/1"}],"replies":[{"embeddable":true,"href":"https:\/\/saludsinlimites.pe\/index.php\/wp-json\/wp\/v2\/comments?post=168"}],"version-history":[{"count":42,"href":"https:\/\/saludsinlimites.pe\/index.php\/wp-json\/wp\/v2\/pages\/168\/revisions"}],"predecessor-version":[{"id":1554,"href":"https:\/\/saludsinlimites.pe\/index.php\/wp-json\/wp\/v2\/pages\/168\/revisions\/1554"}],"wp:attachment":[{"href":"https:\/\/saludsinlimites.pe\/index.php\/wp-json\/wp\/v2\/media?parent=168"}],"curies":[{"name":"wp","href":"https:\/\/api.w.org\/{rel}","templated":true}]}}