{"id":170,"date":"2025-08-08T11:11:29","date_gmt":"2025-08-08T16:11:29","guid":{"rendered":"http:\/\/localhost\/SSL_Wordpress\/?page_id=170"},"modified":"2025-10-07T08:39:03","modified_gmt":"2025-10-07T13:39:03","slug":"asociados","status":"publish","type":"page","link":"https:\/\/saludsinlimites.pe\/index.php\/asociados\/","title":{"rendered":"Asociados"},"content":{"rendered":"\n<div class=\"wp-block-group alignfull has-global-padding is-layout-constrained wp-container-core-group-is-layout-5263a229 wp-block-group-is-layout-constrained\" style=\"margin-top:0;margin-bottom:0;padding-top:0;padding-right:var(--wp--preset--spacing--50);padding-bottom:0;padding-left:var(--wp--preset--spacing--50)\"><div class=\"n2_clear\"><ss3-force-full-width data-overflow-x=\"body\" data-horizontal-selector=\"body\"><div class=\"n2-section-smartslider fitvidsignore  n2_clear\" data-ssid=\"19\"><div id=\"n2-ss-19-align\" class=\"n2-ss-align\"><div class=\"n2-padding\"><div id=\"n2-ss-19\" data-creator=\"Smart Slider 3\" data-responsive=\"fullwidth\" class=\"n2-ss-slider n2-ow n2-has-hover n2notransition  \">\n        <div class=\"n2-ss-slider-1 n2_ss__touch_element n2-ow\">\n            <div class=\"n2-ss-slider-2 n2-ow\">\n                                                <div class=\"n2-ss-slider-3 n2-ow\">\n\n                    <div class=\"n2-ss-slide-backgrounds n2-ow-all\"><div class=\"n2-ss-slide-background\" data-public-id=\"1\" data-mode=\"fill\"><div class=\"n2-ss-slide-background-image\" data-blur=\"0\" data-opacity=\"100\" data-x=\"4\" data-y=\"46\" data-alt=\"\" data-title=\"\" style=\"--ss-o-pos-x:4%;--ss-o-pos-y:46%\"><picture class=\"skip-lazy\" data-skip-lazy=\"1\"><img decoding=\"async\" src=\"\/\/saludsinlimites.pe\/wp-content\/uploads\/2025\/09\/Asociadoss.png\" alt=\"\" title=\"\" loading=\"lazy\" class=\"skip-lazy\" data-skip-lazy=\"1\"><\/picture><\/div><div data-color=\"RGBA(255,255,255,0)\" style=\"background-color: RGBA(255,255,255,0);\" class=\"n2-ss-slide-background-color\"><\/div><\/div><\/div>                    <div class=\"n2-ss-slider-4 n2-ow\">\n                        <svg xmlns=\"http:\/\/www.w3.org\/2000\/svg\" viewBox=\"0 0 1200 600\" data-related-device=\"desktopPortrait\" class=\"n2-ow n2-ss-preserve-size n2-ss-preserve-size--slider n2-ss-slide-limiter\"><\/svg><div data-first=\"1\" data-slide-duration=\"0\" data-id=\"56\" data-slide-public-id=\"1\" data-title=\"Lamina submenu_1\" class=\"n2-ss-slide n2-ow  n2-ss-slide-56\"><div role=\"note\" class=\"n2-ss-slide--focus\" tabindex=\"-1\">Lamina submenu_1<\/div><div class=\"n2-ss-layers-container n2-ss-slide-limiter n2-ow\"><div class=\"n2-ss-layer n2-ow n-uc-cYGFyT1Y5dEj\" data-sstype=\"slide\" data-pm=\"default\"><div class=\"n2-ss-layer n2-ow n-uc-XqhL6iV5wkBE\" data-pm=\"default\" data-sstype=\"content\" data-hasbackground=\"0\"><div class=\"n2-ss-section-main-content n2-ss-layer-with-background n2-ss-layer-content n2-ow n-uc-XqhL6iV5wkBE-inner\"><div class=\"n2-ss-layer n2-ow n-uc-uJfVPIvtUNpD\" data-pm=\"normal\" data-sstype=\"layer\"><div id=\"n2-ss-19item1\" class=\"n2-font-6a9dc08e082d86e329eed6f240c4385d-hover   n2-ss-item-content n2-ss-text n2-ow\" style=\"display:block;\">&#8211; ASOCIADOS &#8211;<\/div><\/div><div class=\"n2-ss-layer n2-ow n-uc-2KRk2YxPyT6R\" data-pm=\"normal\" data-sstype=\"layer\"><div class=\"n2-ss-item-content n2-ss-text n2-ow-all\"><div class=\"\"><p class=\"n2-font-da46a1d0b5a8a75923f23ba730908888-paragraph   \">En Salud Sin L\u00edmites Per\u00fa creemos que el trabajo articulado es la base para generar cambios sostenibles en salud. Nuestros asociados comparten el compromiso de fortalecer derechos, promover la equidad y construir pol\u00edticas p\u00fablicas inclusivas. Juntos, impulsamos iniciativas que integran saberes y experiencias para mejorar la calidad de vida de las comunidades en todo el pa\u00eds.<\/p>\n<\/div><\/div><\/div><\/div><\/div><\/div><\/div><\/div>                    <\/div>\n\n                                    <\/div>\n            <\/div>\n        <\/div>\n        <\/div><ss3-loader><\/ss3-loader><\/div><\/div><div class=\"n2_clear\"><\/div><\/div><\/ss3-force-full-width><\/div><\/div>\n\n\n\n<div class=\"wp-block-group alignfull has-global-padding is-layout-constrained wp-container-core-group-is-layout-669513ed wp-block-group-is-layout-constrained\" style=\"margin-top:0;margin-bottom:0;padding-top:var(--wp--preset--spacing--50);padding-right:var(--wp--preset--spacing--50);padding-bottom:var(--wp--preset--spacing--50);padding-left:var(--wp--preset--spacing--50)\">\n<div class=\"wp-block-group is-vertical is-content-justification-center is-layout-flex wp-container-core-group-is-layout-52b864f0 wp-block-group-is-layout-flex\">\n<p class=\"has-text-align-center\" style=\"font-size:clamp(1.453rem, 1.453rem + ((1vw - 0.2rem) * 1.578), 2.4rem);\">Nos une un prop\u00f3sito com\u00fan que nos mantiene juntos<\/p>\n\n\n\n<div style=\"height:0px\" aria-hidden=\"true\" class=\"wp-block-spacer wp-container-content-4f2ccadb\"><\/div>\n<\/div>\n\n\n\n<div style=\"margin-top:0;margin-bottom:0;height:var(--wp--preset--spacing--40)\" aria-hidden=\"true\" class=\"wp-block-spacer\"><\/div>\n\n\n\n<div class=\"wp-block-columns alignwide is-layout-flex wp-container-core-columns-is-layout-d0bbbce0 wp-block-columns-is-layout-flex\">\n<div class=\"wp-block-column is-layout-flow wp-container-core-column-is-layout-e3d1c41b wp-block-column-is-layout-flow\">\n<figure class=\"wp-block-image size-full has-custom-border\"><img loading=\"lazy\" decoding=\"async\" width=\"400\" height=\"480\" src=\"https:\/\/saludsinlimites.pe\/wp-content\/uploads\/2025\/10\/Esperanza-perfil.jpg\" alt=\"\" class=\"has-border-color has-accent-3-border-color wp-image-1955\" style=\"border-width:1px;border-radius:10px\" srcset=\"https:\/\/saludsinlimites.pe\/wp-content\/uploads\/2025\/10\/Esperanza-perfil.jpg 400w, https:\/\/saludsinlimites.pe\/wp-content\/uploads\/2025\/10\/Esperanza-perfil-250x300.jpg 250w\" sizes=\"auto, (max-width: 400px) 100vw, 400px\" \/><\/figure>\n\n\n\n<p class=\"has-text-align-center has-system-serif-font-family\" style=\"font-size:clamp(14px, 0.875rem + ((1vw - 3.2px) * 0.625), 20px);\"><strong>Esperanza Lude\u00f1a Mora<\/strong><\/p>\n\n\n\n<p class=\"has-text-align-center\">Directora ejecutiva<\/p>\n\n\n\n<p class=\"has-text-align-left\"><\/p>\n<\/div>\n\n\n\n<div class=\"wp-block-column is-layout-flow wp-container-core-column-is-layout-e3d1c41b wp-block-column-is-layout-flow\">\n<figure class=\"wp-block-image size-full has-custom-border\"><img loading=\"lazy\" decoding=\"async\" width=\"400\" height=\"480\" src=\"https:\/\/saludsinlimites.pe\/wp-content\/uploads\/2025\/09\/Foto-7-Mariella-1.jpg\" alt=\"\" class=\"has-border-color has-accent-3-border-color wp-image-1774\" style=\"border-width:1px;border-radius:10px\" srcset=\"https:\/\/saludsinlimites.pe\/wp-content\/uploads\/2025\/09\/Foto-7-Mariella-1.jpg 400w, https:\/\/saludsinlimites.pe\/wp-content\/uploads\/2025\/09\/Foto-7-Mariella-1-250x300.jpg 250w\" sizes=\"auto, (max-width: 400px) 100vw, 400px\" \/><\/figure>\n\n\n\n<p class=\"has-text-align-center has-system-serif-font-family\" style=\"font-size:clamp(14px, 0.875rem + ((1vw - 3.2px) * 0.625), 20px);\"><strong>Mariella Baz\u00e1n Maccera<\/strong><\/p>\n\n\n\n<p class=\"has-heading-font-family\"><\/p>\n\n\n\n<p class=\"has-text-align-center\">Coordinadora del \u00e1rea de investigaci\u00f3n<\/p>\n\n\n\n<p><\/p>\n<\/div>\n\n\n\n<div class=\"wp-block-column is-layout-flow wp-container-core-column-is-layout-e3d1c41b wp-block-column-is-layout-flow\">\n<figure class=\"wp-block-image size-full has-custom-border\"><img loading=\"lazy\" decoding=\"async\" width=\"400\" height=\"480\" src=\"https:\/\/saludsinlimites.pe\/wp-content\/uploads\/2025\/09\/Jenny.jpg\" alt=\"\" class=\"has-border-color has-accent-3-border-color wp-image-1430\" style=\"border-width:1px;border-radius:10px\" srcset=\"https:\/\/saludsinlimites.pe\/wp-content\/uploads\/2025\/09\/Jenny.jpg 400w, https:\/\/saludsinlimites.pe\/wp-content\/uploads\/2025\/09\/Jenny-250x300.jpg 250w\" sizes=\"auto, (max-width: 400px) 100vw, 400px\" \/><\/figure>\n\n\n\n<p class=\"has-text-align-center has-system-serif-font-family\" style=\"font-size:clamp(14px, 0.875rem + ((1vw - 3.2px) * 0.625), 20px);\"><strong>Jenny Nure\u00f1a Parodi<\/strong><\/p>\n\n\n\n<p><\/p>\n\n\n\n<p class=\"has-text-align-center\">Coordinadora administrativa<\/p>\n\n\n\n<p><\/p>\n<\/div>\n<\/div>\n\n\n\n<div style=\"height:24px\" aria-hidden=\"true\" class=\"wp-block-spacer\"><\/div>\n\n\n\n<div class=\"wp-block-columns alignwide is-layout-flex wp-container-core-columns-is-layout-d0bbbce0 wp-block-columns-is-layout-flex\">\n<div class=\"wp-block-column is-layout-flow wp-container-core-column-is-layout-e3d1c41b wp-block-column-is-layout-flow\">\n<figure class=\"wp-block-image size-full has-custom-border\"><img loading=\"lazy\" decoding=\"async\" width=\"400\" height=\"479\" src=\"https:\/\/saludsinlimites.pe\/wp-content\/uploads\/2025\/08\/Javier-Huaja.jpg\" alt=\"\" class=\"has-border-color has-accent-3-border-color wp-image-1110\" style=\"border-width:1px;border-radius:10px\" srcset=\"https:\/\/saludsinlimites.pe\/wp-content\/uploads\/2025\/08\/Javier-Huaja.jpg 400w, https:\/\/saludsinlimites.pe\/wp-content\/uploads\/2025\/08\/Javier-Huaja-251x300.jpg 251w\" sizes=\"auto, (max-width: 400px) 100vw, 400px\" \/><\/figure>\n\n\n\n<p class=\"has-text-align-center has-system-serif-font-family\" style=\"font-size:clamp(14px, 0.875rem + ((1vw - 3.2px) * 0.625), 20px);\"><strong>Javier Huaja Estrada<\/strong><\/p>\n\n\n\n<p class=\"has-text-align-left\"><\/p>\n\n\n\n<p class=\"has-text-align-center\">Coordinador del \u00e1rea de proyectos<\/p>\n<\/div>\n\n\n\n<div class=\"wp-block-column is-layout-flow wp-container-core-column-is-layout-e3d1c41b wp-block-column-is-layout-flow\">\n<p class=\"has-text-align-center\"><\/p>\n\n\n\n<p class=\"has-text-align-left\"><\/p>\n\n\n\n<p><\/p>\n<\/div>\n\n\n\n<div class=\"wp-block-column is-layout-flow wp-container-core-column-is-layout-e3d1c41b wp-block-column-is-layout-flow\">\n<p class=\"has-text-align-center\"><\/p>\n\n\n\n<p class=\"has-text-align-left\"><\/p>\n\n\n\n<p><\/p>\n<\/div>\n<\/div>\n<\/div>\n","protected":false},"excerpt":{"rendered":"<p>Nos une un prop\u00f3sito com\u00fan que nos mantiene juntos Esperanza Lude\u00f1a Mora Directora ejecutiva Mariella Baz\u00e1n Maccera Coordinadora del \u00e1rea de investigaci\u00f3n Jenny Nure\u00f1a Parodi Coordinadora administrativa Javier Huaja Estrada Coordinador del \u00e1rea de proyectos<\/p>\n","protected":false},"author":1,"featured_media":0,"parent":0,"menu_order":0,"comment_status":"closed","ping_status":"closed","template":"page-no-title","meta":{"footnotes":""},"class_list":["post-170","page","type-page","status-publish","hentry"],"_links":{"self":[{"href":"https:\/\/saludsinlimites.pe\/index.php\/wp-json\/wp\/v2\/pages\/170","targetHints":{"allow":["GET"]}}],"collection":[{"href":"https:\/\/saludsinlimites.pe\/index.php\/wp-json\/wp\/v2\/pages"}],"about":[{"href":"https:\/\/saludsinlimites.pe\/index.php\/wp-json\/wp\/v2\/types\/page"}],"author":[{"embeddable":true,"href":"https:\/\/saludsinlimites.pe\/index.php\/wp-json\/wp\/v2\/users\/1"}],"replies":[{"embeddable":true,"href":"https:\/\/saludsinlimites.pe\/index.php\/wp-json\/wp\/v2\/comments?post=170"}],"version-history":[{"count":47,"href":"https:\/\/saludsinlimites.pe\/index.php\/wp-json\/wp\/v2\/pages\/170\/revisions"}],"predecessor-version":[{"id":1965,"href":"https:\/\/saludsinlimites.pe\/index.php\/wp-json\/wp\/v2\/pages\/170\/revisions\/1965"}],"wp:attachment":[{"href":"https:\/\/saludsinlimites.pe\/index.php\/wp-json\/wp\/v2\/media?parent=170"}],"curies":[{"name":"wp","href":"https:\/\/api.w.org\/{rel}","templated":true}]}}