{"id":1881,"date":"2025-09-24T11:51:54","date_gmt":"2025-09-24T16:51:54","guid":{"rendered":"https:\/\/saludsinlimites.pe\/?page_id=1881"},"modified":"2026-02-28T10:58:38","modified_gmt":"2026-02-28T15:58:38","slug":"principios","status":"publish","type":"page","link":"https:\/\/saludsinlimites.pe\/index.php\/principios\/","title":{"rendered":"Principios"},"content":{"rendered":"\n<div class=\"wp-block-group alignwide has-global-padding is-layout-constrained wp-block-group-is-layout-constrained\">\n<h1 class=\"wp-block-heading alignwide has-text-align-center has-text-color has-link-color has-xx-large-font-size wp-elements-7ad4561f0552f8dd5cf688d4220f2b5c\" style=\"color:#5a3e72;margin-top:var(--wp--preset--spacing--10);margin-bottom:var(--wp--preset--spacing--10);line-height:1.2\">Nuestros principios<\/h1>\n<\/div>\n\n\n\n<div class=\"wp-block-group alignfull has-global-padding is-layout-constrained wp-container-core-group-is-layout-98a98072 wp-block-group-is-layout-constrained\" style=\"padding-top:var(--wp--preset--spacing--10);padding-right:var(--wp--preset--spacing--50);padding-bottom:var(--wp--preset--spacing--10);padding-left:var(--wp--preset--spacing--50)\">\n<div class=\"wp-block-columns alignwide is-layout-flex wp-container-core-columns-is-layout-ff4b9c61 wp-block-columns-is-layout-flex\" style=\"margin-top:0;margin-bottom:0\">\n<div class=\"wp-block-column is-vertically-aligned-center has-gradient-4-gradient-background has-background is-layout-flow wp-container-core-column-is-layout-63d9dbad wp-block-column-is-layout-flow\" style=\"padding-top:0;padding-bottom:0\">\n<div class=\"wp-block-query is-layout-flow wp-block-query-is-layout-flow\"><ul class=\"wp-block-post-template is-layout-flow wp-container-core-post-template-is-layout-dc68bcd2 wp-block-post-template-is-layout-flow\"><li class=\"wp-block-post post-1 post type-post status-publish format-standard hentry category-sin-categoria\">\n\n<p class=\"has-text-align-center has-heading-font-family has-large-font-size\" id=\"atencion-primaria\"><strong>Enfoque en la atenci\u00f3n primaria de salud<\/strong><\/p>\n\n<\/li><\/ul><\/div>\n\n\n\n<figure class=\"wp-block-image aligncenter size-full is-resized has-custom-border\" style=\"margin-right:0;margin-left:0\"><img loading=\"lazy\" decoding=\"async\" width=\"1772\" height=\"1773\" src=\"https:\/\/saludsinlimites.pe\/wp-content\/uploads\/2026\/02\/ICONOS-1-06.png\" alt=\"\" class=\"wp-image-1972\" style=\"border-style:none;border-width:0px;width:212px;height:auto\" srcset=\"https:\/\/saludsinlimites.pe\/wp-content\/uploads\/2026\/02\/ICONOS-1-06.png 1772w, https:\/\/saludsinlimites.pe\/wp-content\/uploads\/2026\/02\/ICONOS-1-06-300x300.png 300w, https:\/\/saludsinlimites.pe\/wp-content\/uploads\/2026\/02\/ICONOS-1-06-1024x1024.png 1024w, https:\/\/saludsinlimites.pe\/wp-content\/uploads\/2026\/02\/ICONOS-1-06-150x150.png 150w, https:\/\/saludsinlimites.pe\/wp-content\/uploads\/2026\/02\/ICONOS-1-06-768x768.png 768w, https:\/\/saludsinlimites.pe\/wp-content\/uploads\/2026\/02\/ICONOS-1-06-1536x1536.png 1536w\" sizes=\"auto, (max-width: 1772px) 100vw, 1772px\" \/><\/figure>\n\n\n\n<p class=\"has-text-align-center has-heading-font-family\" style=\"margin-right:var(--wp--preset--spacing--40);margin-left:var(--wp--preset--spacing--40);font-size:clamp(14.642px, 0.915rem + ((1vw - 3.2px) * 0.766), 22px);\">Trabajamos directamente con poblaciones vulnerables e ind\u00edgenas en zonas rurales, enfoc\u00e1ndonos en la atenci\u00f3n primaria de salud, ya que nos centramos en la prevenci\u00f3n y promoci\u00f3n de la salud a trav\u00e9s de la participaci\u00f3n y visibilizaci\u00f3n de&nbsp;los actores locales que aportan en los sistemas de salud de sus comunidades.<\/p>\n<\/div>\n<\/div>\n<\/div>\n\n\n\n<div class=\"wp-block-group alignfull has-global-padding is-layout-constrained wp-container-core-group-is-layout-0747478d wp-block-group-is-layout-constrained\" style=\"padding-top:var(--wp--preset--spacing--50);padding-right:var(--wp--preset--spacing--50);padding-bottom:var(--wp--preset--spacing--50);padding-left:var(--wp--preset--spacing--50)\">\n<div class=\"wp-block-columns alignwide are-vertically-aligned-center is-layout-flex wp-container-core-columns-is-layout-ff4b9c61 wp-block-columns-is-layout-flex\" style=\"margin-top:0;margin-bottom:0\">\n<div class=\"wp-block-column is-vertically-aligned-center has-gradient-4-gradient-background has-background is-layout-flow wp-container-core-column-is-layout-63d9dbad wp-block-column-is-layout-flow\" style=\"padding-top:0;padding-bottom:0\">\n<div class=\"wp-block-query is-layout-flow wp-block-query-is-layout-flow\"><ul class=\"wp-block-post-template is-layout-flow wp-container-core-post-template-is-layout-dc68bcd2 wp-block-post-template-is-layout-flow\"><li class=\"wp-block-post post-1 post type-post status-publish format-standard hentry category-sin-categoria\">\n\n<p class=\"has-text-align-center has-heading-font-family has-large-font-size\" id=\"desarrollo-humano\"><strong><strong>Desarrollo humano integral<\/strong><\/strong><\/p>\n\n<\/li><\/ul><\/div>\n\n\n\n<figure class=\"wp-block-image aligncenter size-full is-resized has-custom-border\" style=\"margin-right:0;margin-left:0\"><img loading=\"lazy\" decoding=\"async\" width=\"1772\" height=\"1773\" src=\"https:\/\/saludsinlimites.pe\/wp-content\/uploads\/2026\/02\/Atencion-primaria-en-salud2.png\" alt=\"\" class=\"wp-image-1967\" style=\"border-style:none;border-width:0px;width:212px;height:auto\" srcset=\"https:\/\/saludsinlimites.pe\/wp-content\/uploads\/2026\/02\/Atencion-primaria-en-salud2.png 1772w, https:\/\/saludsinlimites.pe\/wp-content\/uploads\/2026\/02\/Atencion-primaria-en-salud2-300x300.png 300w, https:\/\/saludsinlimites.pe\/wp-content\/uploads\/2026\/02\/Atencion-primaria-en-salud2-1024x1024.png 1024w, https:\/\/saludsinlimites.pe\/wp-content\/uploads\/2026\/02\/Atencion-primaria-en-salud2-150x150.png 150w, https:\/\/saludsinlimites.pe\/wp-content\/uploads\/2026\/02\/Atencion-primaria-en-salud2-768x768.png 768w, https:\/\/saludsinlimites.pe\/wp-content\/uploads\/2026\/02\/Atencion-primaria-en-salud2-1536x1536.png 1536w\" sizes=\"auto, (max-width: 1772px) 100vw, 1772px\" \/><\/figure>\n\n\n\n<p class=\"has-text-align-center has-heading-font-family\" style=\"margin-right:var(--wp--preset--spacing--40);margin-left:var(--wp--preset--spacing--40);font-size:clamp(14.642px, 0.915rem + ((1vw - 3.2px) * 0.766), 22px);\">Comprendemos la salud no solo como la ausencia de enfermedad, sino como un pilar fundamental para el desarrollo integral de las personas en las dimensiones f\u00edsicas, emocionales, sociales, culturales y espirituales. Consideramos que el desarrollo humano va m\u00e1s all\u00e1 del bienestar material, por lo tanto promovemos la autonom\u00eda y las capacidades de las personas y comunidades para alcanzar su m\u00e1ximo potencial.<\/p>\n<\/div>\n<\/div>\n<\/div>\n\n\n\n<div class=\"wp-block-group alignfull has-global-padding is-layout-constrained wp-container-core-group-is-layout-0747478d wp-block-group-is-layout-constrained\" style=\"padding-top:var(--wp--preset--spacing--50);padding-right:var(--wp--preset--spacing--50);padding-bottom:var(--wp--preset--spacing--50);padding-left:var(--wp--preset--spacing--50)\">\n<div class=\"wp-block-columns alignwide are-vertically-aligned-center is-layout-flex wp-container-core-columns-is-layout-ff4b9c61 wp-block-columns-is-layout-flex\" style=\"margin-top:0;margin-bottom:0\">\n<div class=\"wp-block-column is-vertically-aligned-center has-gradient-4-gradient-background has-background is-layout-flow wp-container-core-column-is-layout-63d9dbad wp-block-column-is-layout-flow\" style=\"padding-top:0;padding-bottom:0\">\n<div class=\"wp-block-query is-layout-flow wp-block-query-is-layout-flow\"><ul class=\"wp-block-post-template is-layout-flow wp-container-core-post-template-is-layout-dc68bcd2 wp-block-post-template-is-layout-flow\"><li class=\"wp-block-post post-1 post type-post status-publish format-standard hentry category-sin-categoria\">\n\n<p class=\"has-text-align-center has-heading-font-family has-large-font-size\" id=\"fortalecimiento\"><strong><strong><strong><strong>Fortalecimiento de capacidades<\/strong><\/strong><\/strong><\/strong><\/p>\n\n<\/li><\/ul><\/div>\n\n\n\n<figure class=\"wp-block-image aligncenter size-full is-resized has-custom-border\" style=\"margin-right:0;margin-left:0\"><img loading=\"lazy\" decoding=\"async\" width=\"1772\" height=\"1773\" src=\"https:\/\/saludsinlimites.pe\/wp-content\/uploads\/2026\/02\/ICONOS-1-01.png\" alt=\"\" class=\"wp-image-1968\" style=\"border-style:none;border-width:0px;width:212px;height:auto\" srcset=\"https:\/\/saludsinlimites.pe\/wp-content\/uploads\/2026\/02\/ICONOS-1-01.png 1772w, https:\/\/saludsinlimites.pe\/wp-content\/uploads\/2026\/02\/ICONOS-1-01-300x300.png 300w, https:\/\/saludsinlimites.pe\/wp-content\/uploads\/2026\/02\/ICONOS-1-01-1024x1024.png 1024w, https:\/\/saludsinlimites.pe\/wp-content\/uploads\/2026\/02\/ICONOS-1-01-150x150.png 150w, https:\/\/saludsinlimites.pe\/wp-content\/uploads\/2026\/02\/ICONOS-1-01-768x768.png 768w, https:\/\/saludsinlimites.pe\/wp-content\/uploads\/2026\/02\/ICONOS-1-01-1536x1536.png 1536w\" sizes=\"auto, (max-width: 1772px) 100vw, 1772px\" \/><\/figure>\n\n\n\n<p class=\"has-text-align-center has-heading-font-family\" style=\"margin-right:var(--wp--preset--spacing--40);margin-left:var(--wp--preset--spacing--40);font-size:clamp(14.642px, 0.915rem + ((1vw - 3.2px) * 0.766), 22px);\">La mejora de los servicios de salud no solo debe centrarse en proveer servicios, sino que tambi\u00e9n en buscar fortalecer las capacidades de las instituciones, organizaciones sociales y comunidades para que sean aut\u00f3nomas y sostenibles en el tiempo.<\/p>\n<\/div>\n<\/div>\n<\/div>\n\n\n\n<div class=\"wp-block-group alignfull has-global-padding is-layout-constrained wp-container-core-group-is-layout-0747478d wp-block-group-is-layout-constrained\" style=\"padding-top:var(--wp--preset--spacing--50);padding-right:var(--wp--preset--spacing--50);padding-bottom:var(--wp--preset--spacing--50);padding-left:var(--wp--preset--spacing--50)\">\n<div class=\"wp-block-columns alignwide are-vertically-aligned-center is-layout-flex wp-container-core-columns-is-layout-ff4b9c61 wp-block-columns-is-layout-flex\" style=\"margin-top:0;margin-bottom:0\">\n<div class=\"wp-block-column is-vertically-aligned-center has-gradient-4-gradient-background has-background is-layout-flow wp-container-core-column-is-layout-63d9dbad wp-block-column-is-layout-flow\" style=\"padding-top:0;padding-bottom:0\">\n<div class=\"wp-block-query is-layout-flow wp-block-query-is-layout-flow\"><ul class=\"wp-block-post-template is-layout-flow wp-container-core-post-template-is-layout-dc68bcd2 wp-block-post-template-is-layout-flow\"><li class=\"wp-block-post post-1 post type-post status-publish format-standard hentry category-sin-categoria\">\n\n<p class=\"has-text-align-center has-heading-font-family has-large-font-size\" id=\"politicas\"><strong><strong><strong><strong>Contribuir a pol\u00edticas p\u00fablicas<\/strong><\/strong><\/strong><\/strong><\/p>\n\n<\/li><\/ul><\/div>\n\n\n\n<figure class=\"wp-block-image aligncenter size-full is-resized has-custom-border\" style=\"margin-right:0;margin-left:0\"><img loading=\"lazy\" decoding=\"async\" width=\"1772\" height=\"1773\" src=\"https:\/\/saludsinlimites.pe\/wp-content\/uploads\/2026\/02\/ICONOS-1-04.png\" alt=\"\" class=\"wp-image-1971\" style=\"border-style:none;border-width:0px;width:212px;height:auto\" srcset=\"https:\/\/saludsinlimites.pe\/wp-content\/uploads\/2026\/02\/ICONOS-1-04.png 1772w, https:\/\/saludsinlimites.pe\/wp-content\/uploads\/2026\/02\/ICONOS-1-04-300x300.png 300w, https:\/\/saludsinlimites.pe\/wp-content\/uploads\/2026\/02\/ICONOS-1-04-1024x1024.png 1024w, https:\/\/saludsinlimites.pe\/wp-content\/uploads\/2026\/02\/ICONOS-1-04-150x150.png 150w, https:\/\/saludsinlimites.pe\/wp-content\/uploads\/2026\/02\/ICONOS-1-04-768x768.png 768w, https:\/\/saludsinlimites.pe\/wp-content\/uploads\/2026\/02\/ICONOS-1-04-1536x1536.png 1536w\" sizes=\"auto, (max-width: 1772px) 100vw, 1772px\" \/><\/figure>\n\n\n\n<p class=\"has-text-align-center has-heading-font-family\" style=\"margin-right:var(--wp--preset--spacing--40);margin-left:var(--wp--preset--spacing--40);font-size:clamp(14.642px, 0.915rem + ((1vw - 3.2px) * 0.766), 22px);\">A trav\u00e9s de nuestras intervenciones, buscamos influir y contribuir en la formulaci\u00f3n y mejora de las pol\u00edticas de salud en el Per\u00fa.<\/p>\n<\/div>\n<\/div>\n<\/div>\n\n\n\n<div class=\"wp-block-group alignfull has-global-padding is-layout-constrained wp-container-core-group-is-layout-0747478d wp-block-group-is-layout-constrained\" style=\"padding-top:var(--wp--preset--spacing--50);padding-right:var(--wp--preset--spacing--50);padding-bottom:var(--wp--preset--spacing--50);padding-left:var(--wp--preset--spacing--50)\">\n<div class=\"wp-block-columns alignwide are-vertically-aligned-center is-layout-flex wp-container-core-columns-is-layout-ff4b9c61 wp-block-columns-is-layout-flex\" style=\"margin-top:0;margin-bottom:0\">\n<div class=\"wp-block-column is-vertically-aligned-center has-gradient-4-gradient-background has-background is-layout-flow wp-container-core-column-is-layout-63d9dbad wp-block-column-is-layout-flow\" style=\"padding-top:0;padding-bottom:0\">\n<div class=\"wp-block-query is-layout-flow wp-block-query-is-layout-flow\"><ul class=\"wp-block-post-template is-layout-flow wp-container-core-post-template-is-layout-dc68bcd2 wp-block-post-template-is-layout-flow\"><li class=\"wp-block-post post-1 post type-post status-publish format-standard hentry category-sin-categoria\">\n\n<p class=\"has-text-align-center has-heading-font-family has-large-font-size\" id=\"interdisciplinario\"><strong><strong><strong><strong>Enfoque interdisciplinario<\/strong><\/strong><\/strong><\/strong><\/p>\n\n<\/li><\/ul><\/div>\n\n\n\n<figure class=\"wp-block-image aligncenter size-full is-resized has-custom-border\" style=\"margin-right:0;margin-left:0\"><img loading=\"lazy\" decoding=\"async\" width=\"1772\" height=\"1773\" src=\"https:\/\/saludsinlimites.pe\/wp-content\/uploads\/2026\/02\/ICONOS-1-07.png\" alt=\"\" class=\"wp-image-1973\" style=\"border-style:none;border-width:0px;width:212px;height:auto\" srcset=\"https:\/\/saludsinlimites.pe\/wp-content\/uploads\/2026\/02\/ICONOS-1-07.png 1772w, https:\/\/saludsinlimites.pe\/wp-content\/uploads\/2026\/02\/ICONOS-1-07-300x300.png 300w, https:\/\/saludsinlimites.pe\/wp-content\/uploads\/2026\/02\/ICONOS-1-07-1024x1024.png 1024w, https:\/\/saludsinlimites.pe\/wp-content\/uploads\/2026\/02\/ICONOS-1-07-150x150.png 150w, https:\/\/saludsinlimites.pe\/wp-content\/uploads\/2026\/02\/ICONOS-1-07-768x768.png 768w, https:\/\/saludsinlimites.pe\/wp-content\/uploads\/2026\/02\/ICONOS-1-07-1536x1536.png 1536w\" sizes=\"auto, (max-width: 1772px) 100vw, 1772px\" \/><\/figure>\n\n\n\n<p class=\"has-text-align-center has-heading-font-family\" style=\"margin-right:var(--wp--preset--spacing--40);margin-left:var(--wp--preset--spacing--40);font-size:clamp(14.642px, 0.915rem + ((1vw - 3.2px) * 0.766), 22px);\">Reconocemos que la salud, se ve afectada por una serie factores determinantes sociales, por ello las intervenciones deben incorporar en lo posible el abordaje de aspectos como el medio ambiente, la calidad del agua potable, saneamiento, vivienda, educaci\u00f3n, protecci\u00f3n financiera, entre otros.<\/p>\n<\/div>\n<\/div>\n<\/div>\n\n\n\n<div class=\"wp-block-group alignfull has-global-padding is-layout-constrained wp-container-core-group-is-layout-0747478d wp-block-group-is-layout-constrained\" style=\"padding-top:var(--wp--preset--spacing--50);padding-right:var(--wp--preset--spacing--50);padding-bottom:var(--wp--preset--spacing--50);padding-left:var(--wp--preset--spacing--50)\">\n<div class=\"wp-block-columns alignwide are-vertically-aligned-center is-layout-flex wp-container-core-columns-is-layout-ff4b9c61 wp-block-columns-is-layout-flex\" style=\"margin-top:0;margin-bottom:0\">\n<div class=\"wp-block-column is-vertically-aligned-center has-gradient-4-gradient-background has-background is-layout-flow wp-container-core-column-is-layout-63d9dbad wp-block-column-is-layout-flow\" style=\"padding-top:0;padding-bottom:0\">\n<div class=\"wp-block-query is-layout-flow wp-block-query-is-layout-flow\"><ul class=\"wp-block-post-template is-layout-flow wp-container-core-post-template-is-layout-dc68bcd2 wp-block-post-template-is-layout-flow\"><li class=\"wp-block-post post-1 post type-post status-publish format-standard hentry category-sin-categoria\">\n\n<p class=\"has-text-align-center has-heading-font-family has-large-font-size\" id=\"vision-salud\"><strong>Visi\u00f3n de salud universal<\/strong><\/p>\n\n<\/li><\/ul><\/div>\n\n\n\n<figure class=\"wp-block-image aligncenter size-full is-resized has-custom-border\" style=\"margin-top:0;margin-right:0;margin-bottom:0;margin-left:0\"><img loading=\"lazy\" decoding=\"async\" width=\"1772\" height=\"1773\" src=\"https:\/\/saludsinlimites.pe\/wp-content\/uploads\/2026\/02\/ICONOS-1-03.png\" alt=\"\" class=\"wp-image-1970\" style=\"border-style:none;border-width:0px;width:212px;height:auto\" srcset=\"https:\/\/saludsinlimites.pe\/wp-content\/uploads\/2026\/02\/ICONOS-1-03.png 1772w, https:\/\/saludsinlimites.pe\/wp-content\/uploads\/2026\/02\/ICONOS-1-03-300x300.png 300w, https:\/\/saludsinlimites.pe\/wp-content\/uploads\/2026\/02\/ICONOS-1-03-1024x1024.png 1024w, https:\/\/saludsinlimites.pe\/wp-content\/uploads\/2026\/02\/ICONOS-1-03-150x150.png 150w, https:\/\/saludsinlimites.pe\/wp-content\/uploads\/2026\/02\/ICONOS-1-03-768x768.png 768w, https:\/\/saludsinlimites.pe\/wp-content\/uploads\/2026\/02\/ICONOS-1-03-1536x1536.png 1536w\" sizes=\"auto, (max-width: 1772px) 100vw, 1772px\" \/><\/figure>\n\n\n\n<p class=\"has-text-align-center has-heading-font-family\" style=\"margin-right:var(--wp--preset--spacing--40);margin-left:var(--wp--preset--spacing--40);font-size:clamp(14.642px, 0.915rem + ((1vw - 3.2px) * 0.766), 22px);\">Nuestra labor contribuye al objetivo de avanzar hacia la salud universal en el Per\u00fa, garantizando el acceso equitativo, as\u00ed como la calidad y pertinencia de los servicios de salud para todos.<\/p>\n<\/div>\n<\/div>\n<\/div>\n\n\n\n<div class=\"wp-block-group alignfull has-global-padding is-layout-constrained wp-container-core-group-is-layout-0747478d wp-block-group-is-layout-constrained\" style=\"padding-top:var(--wp--preset--spacing--50);padding-right:var(--wp--preset--spacing--50);padding-bottom:var(--wp--preset--spacing--50);padding-left:var(--wp--preset--spacing--50)\">\n<div class=\"wp-block-columns alignwide are-vertically-aligned-center is-layout-flex wp-container-core-columns-is-layout-ff4b9c61 wp-block-columns-is-layout-flex\" style=\"margin-top:0;margin-bottom:0\">\n<div class=\"wp-block-column is-vertically-aligned-center has-gradient-4-gradient-background has-background is-layout-flow wp-container-core-column-is-layout-63d9dbad wp-block-column-is-layout-flow\" style=\"padding-top:0;padding-bottom:0\">\n<div class=\"wp-block-query is-layout-flow wp-block-query-is-layout-flow\"><ul class=\"wp-block-post-template is-layout-flow wp-container-core-post-template-is-layout-dc68bcd2 wp-block-post-template-is-layout-flow\"><li class=\"wp-block-post post-1 post type-post status-publish format-standard hentry category-sin-categoria\">\n\n<p class=\"has-text-align-center has-heading-font-family has-large-font-size\" id=\"genero\"><strong>Enfoque de equidad de g\u00e9nero<\/strong><\/p>\n\n<\/li><\/ul><\/div>\n\n\n\n<figure class=\"wp-block-image aligncenter size-full is-resized has-custom-border\" style=\"margin-right:0;margin-left:0\"><img loading=\"lazy\" decoding=\"async\" width=\"1772\" height=\"1773\" src=\"https:\/\/saludsinlimites.pe\/wp-content\/uploads\/2026\/02\/ICONOS-1-02.png\" alt=\"\" class=\"wp-image-1969\" style=\"border-style:none;border-width:0px;width:212px;height:auto\" srcset=\"https:\/\/saludsinlimites.pe\/wp-content\/uploads\/2026\/02\/ICONOS-1-02.png 1772w, https:\/\/saludsinlimites.pe\/wp-content\/uploads\/2026\/02\/ICONOS-1-02-300x300.png 300w, https:\/\/saludsinlimites.pe\/wp-content\/uploads\/2026\/02\/ICONOS-1-02-1024x1024.png 1024w, https:\/\/saludsinlimites.pe\/wp-content\/uploads\/2026\/02\/ICONOS-1-02-150x150.png 150w, https:\/\/saludsinlimites.pe\/wp-content\/uploads\/2026\/02\/ICONOS-1-02-768x768.png 768w, https:\/\/saludsinlimites.pe\/wp-content\/uploads\/2026\/02\/ICONOS-1-02-1536x1536.png 1536w\" sizes=\"auto, (max-width: 1772px) 100vw, 1772px\" \/><\/figure>\n\n\n\n<p class=\"has-text-align-center has-heading-font-family\" style=\"margin-right:var(--wp--preset--spacing--40);margin-left:var(--wp--preset--spacing--40);font-size:clamp(14.642px, 0.915rem + ((1vw - 3.2px) * 0.766), 22px);\">Para lograr una cobertura y bienestar integral para todos y todas se requiere abordar las desigualdades espec\u00edficas que enfrentan las personas en funci\u00f3n de su g\u00e9nero. En otras palabras, la salud universal es inalcanzable si el g\u00e9nero sigue siendo un factor determinante de la enfermedad, el acceso a los servicios y la calidad de la atenci\u00f3n.<\/p>\n<\/div>\n<\/div>\n<\/div>\n","protected":false},"excerpt":{"rendered":"<p>Nuestros principios Trabajamos directamente con poblaciones vulnerables e ind\u00edgenas en zonas rurales, enfoc\u00e1ndonos en la atenci\u00f3n primaria de salud, ya que nos centramos en la prevenci\u00f3n y promoci\u00f3n de la salud a trav\u00e9s de la participaci\u00f3n y visibilizaci\u00f3n de&nbsp;los actores locales que aportan en los sistemas de salud de sus comunidades. Comprendemos la salud no [&hellip;]<\/p>\n","protected":false},"author":1,"featured_media":0,"parent":0,"menu_order":0,"comment_status":"closed","ping_status":"closed","template":"page-no-title","meta":{"footnotes":""},"class_list":["post-1881","page","type-page","status-publish","hentry"],"_links":{"self":[{"href":"https:\/\/saludsinlimites.pe\/index.php\/wp-json\/wp\/v2\/pages\/1881","targetHints":{"allow":["GET"]}}],"collection":[{"href":"https:\/\/saludsinlimites.pe\/index.php\/wp-json\/wp\/v2\/pages"}],"about":[{"href":"https:\/\/saludsinlimites.pe\/index.php\/wp-json\/wp\/v2\/types\/page"}],"author":[{"embeddable":true,"href":"https:\/\/saludsinlimites.pe\/index.php\/wp-json\/wp\/v2\/users\/1"}],"replies":[{"embeddable":true,"href":"https:\/\/saludsinlimites.pe\/index.php\/wp-json\/wp\/v2\/comments?post=1881"}],"version-history":[{"count":33,"href":"https:\/\/saludsinlimites.pe\/index.php\/wp-json\/wp\/v2\/pages\/1881\/revisions"}],"predecessor-version":[{"id":1975,"href":"https:\/\/saludsinlimites.pe\/index.php\/wp-json\/wp\/v2\/pages\/1881\/revisions\/1975"}],"wp:attachment":[{"href":"https:\/\/saludsinlimites.pe\/index.php\/wp-json\/wp\/v2\/media?parent=1881"}],"curies":[{"name":"wp","href":"https:\/\/api.w.org\/{rel}","templated":true}]}}