{"id":22,"date":"2025-08-05T17:07:02","date_gmt":"2025-08-05T22:07:02","guid":{"rendered":"http:\/\/localhost\/SSL_Wordpress\/?page_id=22"},"modified":"2025-08-21T10:38:02","modified_gmt":"2025-08-21T15:38:02","slug":"nosotros","status":"publish","type":"page","link":"https:\/\/saludsinlimites.pe\/index.php\/nosotros\/","title":{"rendered":"NOSOTROS"},"content":{"rendered":"<div class=\"n2_clear\"><ss3-force-full-width data-overflow-x=\"body\" data-horizontal-selector=\"body\"><div class=\"n2-section-smartslider fitvidsignore  n2_clear\" data-ssid=\"3\"><div id=\"n2-ss-3-align\" class=\"n2-ss-align\"><div class=\"n2-padding\"><div id=\"n2-ss-3\" data-creator=\"Smart Slider 3\" data-responsive=\"fullwidth\" class=\"n2-ss-slider n2-ow n2-has-hover n2notransition  \">\n        <div class=\"n2-ss-slider-1 n2_ss__touch_element n2-ow\">\n            <div class=\"n2-ss-slider-2 n2-ow\">\n                                                <div class=\"n2-ss-slider-3 n2-ow\">\n\n                    <div class=\"n2-ss-slide-backgrounds n2-ow-all\"><div class=\"n2-ss-slide-background\" data-public-id=\"1\" data-mode=\"fill\"><div data-color=\"RGBA(255,255,255,1)\" style=\"background-color: RGBA(255,255,255,1);\" class=\"n2-ss-slide-background-color\"><\/div><\/div><\/div>                    <div class=\"n2-ss-slider-4 n2-ow\">\n                        <svg xmlns=\"http:\/\/www.w3.org\/2000\/svg\" viewBox=\"0 0 1920 1080\" data-related-device=\"desktopPortrait\" class=\"n2-ow n2-ss-preserve-size n2-ss-preserve-size--slider n2-ss-slide-limiter\"><\/svg><div data-first=\"1\" data-slide-duration=\"0\" data-id=\"6\" data-slide-public-id=\"1\" data-title=\"Sport\" class=\"n2-ss-slide n2-ow  n2-ss-slide-6\"><div role=\"note\" class=\"n2-ss-slide--focus\" tabindex=\"-1\">Sport<\/div><div class=\"n2-ss-layers-container n2-ss-slide-limiter n2-ow\"><div class=\"n2-ss-layer n2-ow n-uc-67RWCzxSRJsy\" data-sstype=\"slide\" data-pm=\"default\"><div class=\"n2-ss-layer n2-ow n-uc-vhIfFOyvPU2b\" data-pm=\"default\" data-sstype=\"content\" data-hasbackground=\"1\"><div class=\"n2-ss-section-main-content n2-ss-layer-with-background n2-ss-layer-content n2-ow n-uc-vhIfFOyvPU2b-inner\"><div class=\"n2-ss-layer n2-ow n2-ss-layer--block n2-ss-has-self-align n2-ss-stretch-layer n-uc-15dce4dc31db4\" data-pm=\"normal\" data-sstype=\"row\"><div class=\"n2-ss-layer-row n2-ss-layer-with-background n-uc-15dce4dc31db4-inner\"><div class=\"n2-ss-layer-row-inner \"><div class=\"n2-ss-layer n2-ow n-uc-1adaca1afd34f\" data-pm=\"default\" data-sstype=\"col\"><div class=\"n2-ss-layer-col n2-ss-layer-with-background n2-ss-layer-content n-uc-1adaca1afd34f-inner\"><div class=\"n2-ss-layer n2-ow n2-ss-layer--block n2-ss-has-self-align n2-ss-stretch-layer n-uc-1f79be00ff2e8\" data-pm=\"normal\" data-sstype=\"row\" id=\"n3HyC8iMcxZ21\"><div class=\"n2-ss-layer-row n2-ss-layer-with-background n-uc-1f79be00ff2e8-inner\"><div class=\"n2-ss-layer-row-inner \"><div class=\"n2-ss-layer n2-ow n-uc-11109a2967d9c\" data-pm=\"default\" data-sstype=\"col\"><div class=\"n2-ss-layer-col n2-ss-layer-with-background n2-ss-layer-content n-uc-11109a2967d9c-inner\"><div class=\"n2-ss-layer n2-ow n2-ss-layer--block n2-ss-has-self-align n-uc-12542cecf2bff\" data-pm=\"normal\" data-sstype=\"row\" id=\"nuv7TY54viKeT\"><div class=\"n2-ss-layer-row n2-ss-layer-with-background n-uc-12542cecf2bff-inner\"><div class=\"n2-ss-layer-row-inner \"><div class=\"n2-ss-layer n2-ow n-uc-1c459f6bfc21a\" data-pm=\"default\" data-sstype=\"col\"><div class=\"n2-ss-layer-col n2-ss-layer-with-background n2-ss-layer-content n-uc-1c459f6bfc21a-inner\"><div class=\"n2-ss-layer n2-ow n-uc-14e5f8b7135e2\" data-pm=\"normal\" data-sstype=\"layer\"><h6 id=\"n2-ss-3item1\" class=\"n2-font-ad9e42678d494ab8d1a8d27fbd989714-hover   n2-ss-item-content n2-ss-text n2-ow\" style=\"display:block;\">&#8211; NOSOTROS &#8211;<\/h6><\/div><div class=\"n2-ss-layer n2-ow n-uc-14716bfa60115\" data-pm=\"normal\" data-sstype=\"layer\"><div class=\"n2-ss-item-content n2-ss-text n2-ow-all\"><div class=\"\"><p class=\"n2-font-6a2e7ece2d0d379efd231e90382b06e2-paragraph   \">Salud Sin L\u00edmites Per\u00fa fue creada en 2002 con el prop\u00f3sito de contribuir al desarrollo de pol\u00edticas p\u00fablicas de salud, mediante intervenciones en atenci\u00f3n primaria dirigidas a poblaciones vulnerables e ind\u00edgenas en diversas zonas rurales del pa\u00eds.<\/p>\n<\/div><\/div><\/div><div class=\"n2-ss-layer n2-ow n2-ss-layer--auto n2-ss-has-self-align n-uc-18ba90ada7676\" data-pm=\"normal\" data-sstype=\"row\"><div class=\"n2-ss-layer-row n2-ss-layer-with-background n-uc-18ba90ada7676-inner\"><div class=\"n2-ss-layer-row-inner \"><div class=\"n2-ss-layer n2-ow n-uc-1f57f7edfbf37\" data-pm=\"default\" data-sstype=\"col\"><div class=\"n2-ss-layer-col n2-ss-layer-with-background n2-ss-layer-content n-uc-1f57f7edfbf37-inner\"><\/div><\/div><div class=\"n2-ss-layer n2-ow n-uc-13b55108b06b7\" data-pm=\"default\" data-sstype=\"col\"><div class=\"n2-ss-layer-col n2-ss-layer-with-background n2-ss-layer-content n-uc-13b55108b06b7-inner\"><\/div><\/div><\/div><\/div><\/div><\/div><\/div><\/div><\/div><\/div><div class=\"n2-ss-layer n2-ow n2-ss-layer--block n2-ss-has-self-align n-uc-17b9efb307ccd\" data-pm=\"normal\" data-hidetabletportrait=\"1\" data-hidemobileportrait=\"1\" data-sstype=\"row\" id=\"nDrcifB3Sm8tN\"><div class=\"n2-ss-layer-row n2-ss-layer-with-background n-uc-17b9efb307ccd-inner\"><div class=\"n2-ss-layer-row-inner \"><div class=\"n2-ss-layer n2-ow n-uc-1de84567ec698\" data-pm=\"default\" data-href=\"https:\/\/saludsinlimites.pe\/index.php\/historia\/\" tabindex=\"0\" role=\"button\" data-n2click=\"url\" data-force-pointer=\"\" data-sstype=\"col\"><div class=\"n2-ss-layer-col n2-ss-layer-with-background n2-ss-layer-content n-uc-1de84567ec698-inner\"><div class=\"n2-ss-layer n2-ow n-uc-1d0a189647ed4\" data-pm=\"normal\" data-sstype=\"layer\"><div class=\" n2-ss-item-image-content n2-ss-item-content n2-ow-all\"><img loading=\"lazy\" decoding=\"async\" id=\"n2-ss-3item3\" alt=\"\" class=\"skip-lazy\" width=\"617\" height=\"582\" data-skip-lazy=\"1\" src=\"\/\/saludsinlimites.pe\/wp-content\/uploads\/2025\/08\/Incono-historia.png\" \/><\/div><\/div><div class=\"n2-ss-layer n2-ow n-uc-1e45669e2fb37\" data-pm=\"normal\" data-sstype=\"layer\"><div class=\"n2-ss-item-content n2-ss-text n2-ow-all\"><div class=\"\"><p class=\"n2-font-ef37c0db02a7d1399a638511cefec67b-paragraph   \"><b>Historia<\/b><\/p>\n<\/div><\/div><\/div><\/div><\/div><div class=\"n2-ss-layer n2-ow n-uc-1aea67734a31b\" data-pm=\"default\" data-href=\"https:\/\/saludsinlimites.pe\/index.php\/asociados\/\" tabindex=\"0\" role=\"button\" data-n2click=\"url\" data-force-pointer=\"\" data-sstype=\"col\"><div class=\"n2-ss-layer-col n2-ss-layer-with-background n2-ss-layer-content n-uc-1aea67734a31b-inner\"><div class=\"n2-ss-layer n2-ow n-uc-14585421eeaf3\" data-pm=\"normal\" data-sstype=\"layer\"><div class=\" n2-ss-item-image-content n2-ss-item-content n2-ow-all\"><img loading=\"lazy\" decoding=\"async\" id=\"n2-ss-3item5\" alt=\"\" class=\"skip-lazy\" width=\"200\" height=\"189\" data-skip-lazy=\"1\" src=\"\/\/saludsinlimites.pe\/wp-content\/uploads\/2025\/09\/Icono-asociados.png\" \/><\/div><\/div><div class=\"n2-ss-layer n2-ow n-uc-1fb707620a66d\" data-pm=\"normal\" data-sstype=\"layer\"><div class=\"n2-ss-item-content n2-ss-text n2-ow-all\"><div class=\"\"><p class=\"n2-font-96e6f179fef6bff32c79054aef70e52a-paragraph   \"><b>Asociados<\/b><\/p>\n<\/div><\/div><\/div><\/div><\/div><div class=\"n2-ss-layer n2-ow n-uc-1adde7426563e\" data-pm=\"default\" data-href=\"https:\/\/saludsinlimites.pe\/index.php\/regiones\/\" tabindex=\"0\" role=\"button\" data-n2click=\"url\" data-force-pointer=\"\" data-sstype=\"col\"><div class=\"n2-ss-layer-col n2-ss-layer-with-background n2-ss-layer-content n-uc-1adde7426563e-inner\"><div class=\"n2-ss-layer n2-ow n-uc-110c2508cd8f3\" data-pm=\"normal\" data-sstype=\"layer\"><div class=\" n2-ss-item-image-content n2-ss-item-content n2-ow-all\"><img loading=\"lazy\" decoding=\"async\" id=\"n2-ss-3item7\" alt=\"\" class=\"skip-lazy\" width=\"359\" height=\"522\" data-skip-lazy=\"1\" src=\"\/\/saludsinlimites.pe\/wp-content\/uploads\/2025\/08\/Incono-region.png\" \/><\/div><\/div><div class=\"n2-ss-layer n2-ow n-uc-1e0e51ebbf2c9\" data-pm=\"normal\" data-sstype=\"layer\"><div class=\"n2-ss-item-content n2-ss-text n2-ow-all\"><div class=\"\"><p class=\"n2-font-565e9ec93e611728e660a024a248db09-paragraph   \"><b>Regiones<\/b><\/p>\n<\/div><\/div><\/div><\/div><\/div><\/div><\/div><\/div><\/div><\/div><div class=\"n2-ss-layer n2-ow n-uc-1c289ea4071ef\" data-pm=\"default\" data-sstype=\"col\"><div class=\"n2-ss-layer-col n2-ss-layer-with-background n2-ss-layer-content n-uc-1c289ea4071ef-inner\"><div class=\"n2-ss-layer n2-ow n-uc-157272e39c523\" data-pm=\"normal\" data-sstype=\"layer\"><div class=\" n2-ss-item-image-content n2-ss-item-content n2-ow-all\"><img loading=\"lazy\" decoding=\"async\" id=\"n2-ss-3item9\" alt=\"\" class=\"skip-lazy\" width=\"960\" height=\"1050\" data-skip-lazy=\"1\" src=\"\/\/saludsinlimites.pe\/wp-content\/uploads\/2025\/08\/Nosotros1.png\" \/><\/div><\/div><\/div><\/div><\/div><\/div><\/div><\/div><\/div><\/div><\/div><\/div><\/div><\/div><\/div><\/div><\/div>                    <\/div>\n\n                                    <\/div>\n            <\/div>\n        <\/div>\n        <\/div><ss3-loader><\/ss3-loader><\/div><\/div><div class=\"n2_clear\"><\/div><\/div><\/ss3-force-full-width><\/div>\n\n\n<p class=\"has-contrast-color has-text-color has-link-color has-heading-font-family wp-elements-34cedfa24baa05e5acda5f19dbb34929\" style=\"margin-top:var(--wp--preset--spacing--10);margin-right:800px;margin-bottom:var(--wp--preset--spacing--10);margin-left:800px;padding-top:0;padding-right:var(--wp--preset--spacing--10);padding-bottom:0;padding-left:var(--wp--preset--spacing--10);font-size:clamp(14px, 0.875rem + ((1vw - 3.2px) * 0.625), 20px);\">Nuestro trabajo se distingue por la presencia constante en el territorio, la participaci\u00f3n activa de comunidades nativas y campesinas junto a sus organizaciones, y la aplicaci\u00f3n transversal de los enfoques de derechos, g\u00e9nero e interculturalidad.<\/p>\n\n\n\n<p class=\"has-contrast-color has-text-color has-link-color has-heading-font-family wp-elements-10d2293a51c8f7f35912b07687585d15\" style=\"margin-top:var(--wp--preset--spacing--10);margin-right:800px;margin-bottom:var(--wp--preset--spacing--10);margin-left:800px;padding-top:0;padding-right:var(--wp--preset--spacing--10);padding-bottom:0;padding-left:var(--wp--preset--spacing--10);font-size:clamp(14px, 0.875rem + ((1vw - 3.2px) * 0.625), 20px);\">Promovemos el fortalecimiento del di\u00e1logo entre el Estado, para avanzar hacia la universalizaci\u00f3n del derecho a la salud, y la sociedad civil, para la exigibilidad y ejercicio pleno de sus derechos, con especial atenci\u00f3n a los derechos culturales.<\/p>\n\n\n\n<p class=\"has-contrast-color has-text-color has-link-color has-heading-font-family wp-elements-1da320f8f6ac3d2d37eefca1c6a578d4\" style=\"margin-top:var(--wp--preset--spacing--10);margin-right:800px;margin-bottom:var(--wp--preset--spacing--10);margin-left:800px;padding-top:0;padding-right:var(--wp--preset--spacing--10);padding-bottom:0;padding-left:var(--wp--preset--spacing--10);font-size:clamp(14px, 0.875rem + ((1vw - 3.2px) * 0.625), 20px);\">Somos una ONG peruana conformada por un equipo interdisciplinario de profesionales comprometidos con el desarrollo humano desde la perspectiva de la salud.<\/p>\n\n\n\n<p class=\"has-contrast-color has-text-color has-link-color has-heading-font-family wp-elements-385bf8bd063475e018049a9acd98bf5b\" style=\"margin-top:var(--wp--preset--spacing--10);margin-right:800px;margin-bottom:var(--wp--preset--spacing--10);margin-left:800px;padding-top:0;padding-right:var(--wp--preset--spacing--10);padding-bottom:0;padding-left:var(--wp--preset--spacing--10);font-size:clamp(14px, 0.875rem + ((1vw - 3.2px) * 0.625), 20px);\">Impulsamos el fortalecimiento de capacidades en instituciones y comunidades para garantizar el ejercicio pleno de los derechos en salud de la poblaci\u00f3n menos favorecida.<\/p>\n\n\n\n<p class=\"has-contrast-color has-text-color has-link-color has-heading-font-family wp-elements-47129b39479ccb2956da7bfff8af0693\" style=\"margin-top:var(--wp--preset--spacing--10);margin-right:800px;margin-bottom:var(--wp--preset--spacing--10);margin-left:800px;padding-top:0;padding-right:var(--wp--preset--spacing--10);padding-bottom:0;padding-left:var(--wp--preset--spacing--10);font-size:clamp(14px, 0.875rem + ((1vw - 3.2px) * 0.625), 20px);\">Creemos en la equidad, la inclusi\u00f3n, la participaci\u00f3n de todas las personas y la concertaci\u00f3n entre actores, reconociendo y respetando las diferencias culturales.<\/p>\n\n\n\n<p class=\"has-contrast-color has-text-color has-link-color has-heading-font-family wp-elements-661e4c78aa7896d35269da238fb7bc63\" style=\"margin-top:var(--wp--preset--spacing--10);margin-right:800px;margin-bottom:var(--wp--preset--spacing--10);margin-left:800px;padding-top:0;padding-right:var(--wp--preset--spacing--10);padding-bottom:0;padding-left:var(--wp--preset--spacing--10);font-size:clamp(14px, 0.875rem + ((1vw - 3.2px) * 0.625), 20px);\">Trabajamos junto a comunidades, organizaciones de base e instituciones p\u00fablicas y privadas, bajo un enfoque de interculturalidad, con un equipo profundamente conocedor de la realidad local y comprometido con el desarrollo sostenible de las zonas de intervenci\u00f3n.<\/p>\n\n\n\n<p class=\"has-link-color has-heading-font-family wp-elements-78108f968115e20e6c037911a794a7e7\" style=\"margin-top:var(--wp--preset--spacing--10);margin-right:800px;margin-bottom:var(--wp--preset--spacing--10);margin-left:800px;padding-top:0;padding-right:var(--wp--preset--spacing--60);padding-bottom:0;padding-left:var(--wp--preset--spacing--60);font-size:clamp(14px, 0.875rem + ((1vw - 3.2px) * 0.625), 20px);\"><\/p>\n","protected":false},"excerpt":{"rendered":"<p>Nuestro trabajo se distingue por la presencia constante en el territorio, la participaci\u00f3n activa de comunidades nativas y campesinas junto a sus organizaciones, y la aplicaci\u00f3n transversal de los enfoques de derechos, g\u00e9nero e interculturalidad. Promovemos el fortalecimiento del di\u00e1logo entre el Estado, para avanzar hacia la universalizaci\u00f3n del derecho a la salud, y la [&hellip;]<\/p>\n","protected":false},"author":1,"featured_media":0,"parent":0,"menu_order":2,"comment_status":"closed","ping_status":"closed","template":"page-no-title","meta":{"footnotes":""},"class_list":["post-22","page","type-page","status-publish","hentry"],"_links":{"self":[{"href":"https:\/\/saludsinlimites.pe\/index.php\/wp-json\/wp\/v2\/pages\/22","targetHints":{"allow":["GET"]}}],"collection":[{"href":"https:\/\/saludsinlimites.pe\/index.php\/wp-json\/wp\/v2\/pages"}],"about":[{"href":"https:\/\/saludsinlimites.pe\/index.php\/wp-json\/wp\/v2\/types\/page"}],"author":[{"embeddable":true,"href":"https:\/\/saludsinlimites.pe\/index.php\/wp-json\/wp\/v2\/users\/1"}],"replies":[{"embeddable":true,"href":"https:\/\/saludsinlimites.pe\/index.php\/wp-json\/wp\/v2\/comments?post=22"}],"version-history":[{"count":19,"href":"https:\/\/saludsinlimites.pe\/index.php\/wp-json\/wp\/v2\/pages\/22\/revisions"}],"predecessor-version":[{"id":888,"href":"https:\/\/saludsinlimites.pe\/index.php\/wp-json\/wp\/v2\/pages\/22\/revisions\/888"}],"wp:attachment":[{"href":"https:\/\/saludsinlimites.pe\/index.php\/wp-json\/wp\/v2\/media?parent=22"}],"curies":[{"name":"wp","href":"https:\/\/api.w.org\/{rel}","templated":true}]}}