{"id":23,"date":"2025-08-05T17:07:02","date_gmt":"2025-08-05T22:07:02","guid":{"rendered":"http:\/\/localhost\/SSL_Wordpress\/?page_id=23"},"modified":"2025-09-22T17:56:53","modified_gmt":"2025-09-22T22:56:53","slug":"tematica","status":"publish","type":"page","link":"https:\/\/saludsinlimites.pe\/index.php\/tematica\/","title":{"rendered":"TEM\u00c1TICA"},"content":{"rendered":"<div class=\"n2_clear\"><ss3-force-full-width data-overflow-x=\"body\" data-horizontal-selector=\"body\"><div class=\"n2-section-smartslider fitvidsignore  n2_clear\" data-ssid=\"12\"><div id=\"n2-ss-12-align\" class=\"n2-ss-align\"><div class=\"n2-padding\"><div id=\"n2-ss-12\" data-creator=\"Smart Slider 3\" data-responsive=\"fullwidth\" class=\"n2-ss-slider n2-ow n2-has-hover n2notransition  \">\n        <div class=\"n2-ss-slider-1 n2_ss__touch_element n2-ow\">\n            <div class=\"n2-ss-slider-2 n2-ow\">\n                                                <div class=\"n2-ss-slider-3 n2-ow\">\n\n                    <div class=\"n2-ss-slide-backgrounds n2-ow-all\"><div class=\"n2-ss-slide-background\" data-public-id=\"1\" data-mode=\"fill\"><div data-color=\"RGBA(255,255,255,1)\" style=\"background-color: RGBA(255,255,255,1);\" class=\"n2-ss-slide-background-color\"><\/div><\/div><\/div>                    <div class=\"n2-ss-slider-4 n2-ow\">\n                        <svg xmlns=\"http:\/\/www.w3.org\/2000\/svg\" viewBox=\"0 0 1920 1080\" data-related-device=\"desktopPortrait\" class=\"n2-ow n2-ss-preserve-size n2-ss-preserve-size--slider n2-ss-slide-limiter\"><\/svg><div data-first=\"1\" data-slide-duration=\"0\" data-id=\"46\" data-slide-public-id=\"1\" data-title=\"Music\" class=\"n2-ss-slide n2-ow  n2-ss-slide-46\"><div role=\"note\" class=\"n2-ss-slide--focus\" tabindex=\"-1\">Music<\/div><div class=\"n2-ss-layers-container n2-ss-slide-limiter n2-ow\"><div class=\"n2-ss-layer n2-ow n-uc-8xbDEFNCcozK\" data-sstype=\"slide\" data-pm=\"default\"><div class=\"n2-ss-layer n2-ow n-uc-vwbGaT4S6HKn\" data-pm=\"default\" data-sstype=\"content\" data-hasbackground=\"1\"><div class=\"n2-ss-section-main-content n2-ss-layer-with-background n2-ss-layer-content n2-ow n-uc-vwbGaT4S6HKn-inner\"><div class=\"n2-ss-layer n2-ow n2-ss-layer--block n2-ss-has-self-align n2-ss-stretch-layer n-uc-U5UoHXbo1L4K\" data-pm=\"normal\" data-sstype=\"row\"><div class=\"n2-ss-layer-row n2-ss-layer-with-background n-uc-U5UoHXbo1L4K-inner\"><div class=\"n2-ss-layer-row-inner \"><div class=\"n2-ss-layer n2-ow n-uc-5bSDe9wPoPHu\" data-pm=\"default\" data-sstype=\"col\"><div class=\"n2-ss-layer-col n2-ss-layer-with-background n2-ss-layer-content n-uc-5bSDe9wPoPHu-inner\"><div class=\"n2-ss-layer n2-ow n2-ss-layer--block n2-ss-has-self-align n2-ss-stretch-layer n-uc-CDjssoL4wqPC\" data-pm=\"normal\" data-sstype=\"row\" id=\"nCfx4P0wyEWMj\"><div class=\"n2-ss-layer-row n2-ss-layer-with-background n-uc-CDjssoL4wqPC-inner\"><div class=\"n2-ss-layer-row-inner \"><div class=\"n2-ss-layer n2-ow n-uc-lFwf4ftwxJsV\" data-pm=\"default\" data-sstype=\"col\"><div class=\"n2-ss-layer-col n2-ss-layer-with-background n2-ss-layer-content n-uc-lFwf4ftwxJsV-inner\"><div class=\"n2-ss-layer n2-ow n2-ss-layer--block n2-ss-has-self-align n-uc-dzoiRh4Q8zdh\" data-pm=\"normal\" data-sstype=\"row\"><div class=\"n2-ss-layer-row n2-ss-layer-with-background n-uc-dzoiRh4Q8zdh-inner\"><div class=\"n2-ss-layer-row-inner \"><div class=\"n2-ss-layer n2-ow n-uc-IomGUBOYrQ4Y\" data-pm=\"default\" data-sstype=\"col\"><div class=\"n2-ss-layer-col n2-ss-layer-with-background n2-ss-layer-content n-uc-IomGUBOYrQ4Y-inner\"><div class=\"n2-ss-layer n2-ow n-uc-wLkeVQ0yKWHS\" data-pm=\"normal\" data-sstype=\"layer\"><h6 id=\"n2-ss-12item1\" class=\"n2-font-ad9e42678d494ab8d1a8d27fbd989714-hover   n2-ss-item-content n2-ss-text n2-ow\" style=\"display:block;\">&#8211; TEM\u00c1TICA-<\/h6><\/div><div class=\"n2-ss-layer n2-ow n-uc-Zt65gyTQc2Uw\" data-pm=\"normal\" data-sstype=\"layer\"><div class=\"n2-ss-item-content n2-ss-text n2-ow-all\"><div class=\"\"><p class=\"n2-font-6a2e7ece2d0d379efd231e90382b06e2-paragraph   \">En Salud Sin L\u00edmites Per\u00fa fortalecemos el derecho a la salud a trav\u00e9s de la investigaci\u00f3n, el impulso de di\u00e1logos interculturales, la promoci\u00f3n de una sociedad civil organizada y la capacitaci\u00f3n de actores locales y regionales. Nuestro trabajo busca que las comunidades participen activamente en las decisiones sobre su salud y que estas iniciativas se traduzcan en pol\u00edticas p\u00fablicas inclusivas que garanticen plenos derechos en el pa\u00eds.<br \/>\nAdem\u00e1s, a trav\u00e9s de la investigaci\u00f3n logramos recoger las creencias, temores y experiencias de la poblaci\u00f3n para transformarlas en estrategias y planes de comunicaci\u00f3n y sensibilizaci\u00f3n que logren el cambo en los estilos de vida y en la prevenci\u00f3n y promoci\u00f3n de la salud.<\/p>\n<\/div><\/div><\/div><div class=\"n2-ss-layer n2-ow n2-ss-layer--auto n2-ss-has-self-align n-uc-1ttWJNRy192z\" data-pm=\"normal\" data-sstype=\"row\"><div class=\"n2-ss-layer-row n2-ss-layer-with-background n-uc-1ttWJNRy192z-inner\"><div class=\"n2-ss-layer-row-inner \"><div class=\"n2-ss-layer n2-ow n-uc-x0DAYNW14kBy\" data-pm=\"default\" data-sstype=\"col\"><div class=\"n2-ss-layer-col n2-ss-layer-with-background n2-ss-layer-content n-uc-x0DAYNW14kBy-inner\"><\/div><\/div><div class=\"n2-ss-layer n2-ow n-uc-tttLSQHs2ll1\" data-pm=\"default\" data-sstype=\"col\"><div class=\"n2-ss-layer-col n2-ss-layer-with-background n2-ss-layer-content n-uc-tttLSQHs2ll1-inner\"><\/div><\/div><\/div><\/div><\/div><\/div><\/div><\/div><\/div><\/div><div class=\"n2-ss-layer n2-ow n2-ss-layer--block n2-ss-has-self-align n-uc-3vWJ4ssqTtEQ\" data-pm=\"normal\" data-hidetabletportrait=\"1\" data-hidemobileportrait=\"1\" data-sstype=\"row\"><div class=\"n2-ss-layer-row n2-ss-layer-with-background n-uc-3vWJ4ssqTtEQ-inner\"><div class=\"n2-ss-layer-row-inner \"><div class=\"n2-ss-layer n2-ow n-uc-jnOpmYCzFbrH\" data-pm=\"default\" data-sstype=\"col\"><div class=\"n2-ss-layer-col n2-ss-layer-with-background n2-ss-layer-content n-uc-jnOpmYCzFbrH-inner\"><div class=\"n2-ss-layer n2-ow n-uc-DMTX0vKjnwDC\" data-pm=\"normal\" data-sstype=\"layer\"><div class=\" n2-ss-item-image-content n2-ss-item-content n2-ow-all\"><img loading=\"lazy\" decoding=\"async\" id=\"n2-ss-12item3\" alt=\"\" class=\"skip-lazy\" width=\"48\" height=\"48\" data-skip-lazy=\"1\" src=\"\/\/saludsinlimites.pe\/wp-content\/uploads\/slider3\/mic_icon-1.png\" \/><\/div><\/div><div class=\"n2-ss-layer n2-ow n-uc-aqSMelSQXzSr\" data-pm=\"normal\" data-sstype=\"layer\"><div class=\"n2-ss-item-content n2-ss-text n2-ow-all\"><div class=\"\"><p class=\"n2-font-b870ccf548622567991ac70cdd481482-paragraph   \">COMUNICACI\u00d3N<br \/>\nNarrativas locales, arte, m\u00fasica y campa\u00f1as dise\u00f1adas con y para las comunidades.<\/p>\n<\/div><\/div><\/div><\/div><\/div><div class=\"n2-ss-layer n2-ow n-uc-hR6BeU7jcw4w\" data-pm=\"default\" data-sstype=\"col\"><div class=\"n2-ss-layer-col n2-ss-layer-with-background n2-ss-layer-content n-uc-hR6BeU7jcw4w-inner\"><div class=\"n2-ss-layer n2-ow n-uc-e1uActLG0Qfu\" data-pm=\"normal\" data-sstype=\"layer\"><div class=\" n2-ss-item-image-content n2-ss-item-content n2-ow-all\"><img loading=\"lazy\" decoding=\"async\" id=\"n2-ss-12item5\" alt=\"\" class=\"skip-lazy\" width=\"48\" height=\"48\" data-skip-lazy=\"1\" src=\"\/\/saludsinlimites.pe\/wp-content\/uploads\/slider3\/pad_icon-1.png\" \/><\/div><\/div><div class=\"n2-ss-layer n2-ow n-uc-rdTKaZnv7dju\" data-pm=\"normal\" data-sstype=\"layer\"><div class=\"n2-ss-item-content n2-ss-text n2-ow-all\"><div class=\"\"><p class=\"n2-font-b870ccf548622567991ac70cdd481482-paragraph   \">INTERCULTURALIDAD<br \/>\nReconocer, valorar y articular los saberes tradicionales y la medicina acad\u00e9mica para mejorar el acceso y la calidad de los servicios de salud.<\/p>\n<\/div><\/div><\/div><\/div><\/div><\/div><\/div><\/div><\/div><\/div><div class=\"n2-ss-layer n2-ow n-uc-Sq7HCrSIu8Ps\" data-pm=\"default\" data-sstype=\"col\"><div class=\"n2-ss-layer-col n2-ss-layer-with-background n2-ss-layer-content n-uc-Sq7HCrSIu8Ps-inner\"><div class=\"n2-ss-layer n2-ow n-uc-vZ2FjcpyLbMM\" data-pm=\"normal\" data-sstype=\"layer\"><div class=\" n2-ss-item-image-content n2-ss-item-content n2-ow-all\"><img loading=\"lazy\" decoding=\"async\" id=\"n2-ss-12item7\" alt=\"\" class=\"skip-lazy\" width=\"960\" height=\"1050\" data-skip-lazy=\"1\" src=\"\/\/saludsinlimites.pe\/wp-content\/uploads\/2025\/08\/Tematica.png\" \/><\/div><\/div><\/div><\/div><\/div><\/div><\/div><\/div><\/div><\/div><\/div><\/div><\/div><\/div><\/div><\/div><\/div>                    <\/div>\n\n                                    <\/div>\n            <\/div>\n        <\/div>\n        <\/div><ss3-loader><\/ss3-loader><\/div><\/div><div class=\"n2_clear\"><\/div><\/div><\/ss3-force-full-width><\/div>\n\n\n<h2 class=\"wp-block-heading\">Investigaci\u00f3n<\/h2>\n\n\n\n<p class=\"has-heading-font-family\" style=\"font-size:clamp(14px, 0.875rem + ((1vw - 3.2px) * 0.625), 20px);\">A trav\u00e9s de investigaciones y\/o diagn\u00f3sticos comunicacionales se aporta en la comprensi\u00f3n de las concepciones de salud\/enfermedad, as\u00ed como en las creencias y pr\u00e1cticas de la poblaci\u00f3n para contribuir en la salud de las personas y en la mejora del sistema de salud peruano.<\/p>\n\n\n\n<hr class=\"wp-block-separator has-alpha-channel-opacity\"\/>\n\n\n\n<h2 class=\"wp-block-heading\">Di\u00e1logos interculturales<\/h2>\n\n\n\n<p class=\"has-heading-font-family\" style=\"font-size:clamp(14px, 0.875rem + ((1vw - 3.2px) * 0.625), 20px);\">Apostamos por el desarrollo de di\u00e1logos interculturales en salud como herramientas que permiten que la poblaci\u00f3n ind\u00edgena, en ejercicio de su ciudadan\u00eda, participe activamente en la toma e implementaci\u00f3n de decisiones con respecto a los servicios de salud pertinentes y de calidad que necesitan.<\/p>\n\n\n\n<hr class=\"wp-block-separator has-alpha-channel-opacity\"\/>\n\n\n\n<h2 class=\"wp-block-heading\">Sociedad civil organizada<\/h2>\n\n\n\n<p class=\"has-heading-font-family\" style=\"font-size:clamp(14px, 0.875rem + ((1vw - 3.2px) * 0.625), 20px);\">Consideramos que el cumplimiento del derecho pasa por el encuentro de un sistema de salud oficial fortalecido en su capacidad de atenci\u00f3n y gesti\u00f3n, con una sociedad civil con amplia participaci\u00f3n. Esto implica tanto Comunidades, Organizaciones Sociales de Base, Federaciones, Organizaciones de la Sociedad Civil, Colectivos y Redes, entre otras.<\/p>\n\n\n\n<hr class=\"wp-block-separator has-alpha-channel-opacity\"\/>\n\n\n\n<h2 class=\"wp-block-heading\">Fortalecimiento de capacidades<\/h2>\n\n\n\n<p class=\"has-heading-font-family\" style=\"font-size:clamp(14px, 0.875rem + ((1vw - 3.2px) * 0.625), 20px);\">Desarrollamos programas de capacitaci\u00f3n para personal de salud, agentes comunitarios, autoridades locales y regionales y otros actores en distintos temas bajo los enfoques de derecho, g\u00e9nero e interculturalidad.<\/p>\n\n\n\n<hr class=\"wp-block-separator has-alpha-channel-opacity\"\/>\n\n\n\n<h2 class=\"wp-block-heading\">Pol\u00edticas p\u00fablicas en salud<\/h2>\n\n\n\n<p class=\"has-heading-font-family\" style=\"font-size:clamp(14px, 0.875rem + ((1vw - 3.2px) * 0.625), 20px);\">Cualquier iniciativa generada por la sociedad civil logra impacto en la medida que se transforma en pol\u00edtica p\u00fablica. El desarrollo de pol\u00edticas p\u00fablicas para pueblos ind\u00edgenas es incipiente en nuestro pa\u00eds. En Salud Sin L\u00edmites Per\u00fa consideramos que contribuir con este proceso es parte central de nuestro rol.<\/p>\n\n\n\n<hr class=\"wp-block-separator has-alpha-channel-opacity\" style=\"margin-top:var(--wp--preset--spacing--30);margin-bottom:var(--wp--preset--spacing--30)\"\/>\n\n\n\n<div class=\"wp-block-group alignfull has-background has-global-padding is-layout-constrained wp-container-core-group-is-layout-03798b93 wp-block-group-is-layout-constrained\" style=\"border-radius:11px;background-color:#ffcd00;margin-top:0;margin-bottom:0;padding-top:var(--wp--preset--spacing--20);padding-right:var(--wp--preset--spacing--40);padding-bottom:var(--wp--preset--spacing--20);padding-left:var(--wp--preset--spacing--40)\">\n<p class=\"has-text-align-center has-large-font-size\"><strong>PROGRMAS DE CAPACITACI\u00d3N<\/strong><\/p>\n<\/div>\n\n\n\n<div class=\"wp-block-group alignfull has-global-padding is-layout-constrained wp-container-core-group-is-layout-d89aad35 wp-block-group-is-layout-constrained\" style=\"margin-top:0;margin-bottom:0;padding-top:var(--wp--preset--spacing--50);padding-right:var(--wp--preset--spacing--50);padding-bottom:var(--wp--preset--spacing--50);padding-left:var(--wp--preset--spacing--50)\">\n<div class=\"wp-block-columns alignwide are-vertically-aligned-top is-layout-flex wp-container-core-columns-is-layout-47c06fe3 wp-block-columns-is-layout-flex\">\n<div class=\"wp-block-column is-vertically-aligned-top is-layout-flow wp-block-column-is-layout-flow\" style=\"flex-basis:50%\">\n<h2 class=\"wp-block-heading\"><strong><strong>Programa: salud materno neonatal con pertinencia intercultural<\/strong><\/strong><\/h2>\n\n\n\n<p>El programa propone fortalecer los servicios de salud en comunidades amaz\u00f3nicas con respeto a la diversidad cultural. Ahora est\u00e1 disponible en YouTube, con videos instructivos de libre acceso para el p\u00fablico.<\/p>\n<\/div>\n\n\n\n<div class=\"wp-block-column is-vertically-aligned-top is-layout-flow wp-block-column-is-layout-flow\" style=\"flex-basis:50%\">\n<figure class=\"wp-block-embed is-type-video is-provider-youtube wp-block-embed-youtube wp-embed-aspect-16-9 wp-has-aspect-ratio\"><div class=\"wp-block-embed__wrapper\">\n<iframe loading=\"lazy\" title=\"Herramienta N\u00b0 1: Diagn\u00f3stico de concepciones y pr\u00e1cticas ind\u00edgenas\" width=\"500\" height=\"281\" src=\"https:\/\/www.youtube.com\/embed\/CrnDNGOUOfg?list=PLG3fF8zTalB_eHmf2vgR6zxFJJiFURmMG\" frameborder=\"0\" allow=\"accelerometer; autoplay; clipboard-write; encrypted-media; gyroscope; picture-in-picture; web-share\" referrerpolicy=\"strict-origin-when-cross-origin\" allowfullscreen><\/iframe>\n<\/div><\/figure>\n<\/div>\n<\/div>\n<\/div>\n\n\n\n<div class=\"wp-block-group alignfull has-global-padding is-layout-constrained wp-container-core-group-is-layout-d89aad35 wp-block-group-is-layout-constrained\" style=\"margin-top:0;margin-bottom:0;padding-top:var(--wp--preset--spacing--50);padding-right:var(--wp--preset--spacing--50);padding-bottom:var(--wp--preset--spacing--50);padding-left:var(--wp--preset--spacing--50)\">\n<div class=\"wp-block-columns alignwide are-vertically-aligned-top is-layout-flex wp-container-core-columns-is-layout-47c06fe3 wp-block-columns-is-layout-flex\">\n<div class=\"wp-block-column is-vertically-aligned-top is-layout-flow wp-block-column-is-layout-flow\" style=\"flex-basis:50%\">\n<h2 class=\"wp-block-heading\"><strong><strong><strong>Programa: salud intercultural y pueblos ind\u00edgenas<\/strong> <\/strong><\/strong><\/h2>\n\n\n\n<p>El programa consta de 10 entregas y aborda temas clave como pueblos ind\u00edgenas, atenci\u00f3n primaria, cultura e interculturalidad. Explora tanto las pr\u00e1cticas asistenciales como las pol\u00edticas p\u00fablicas desde un enfoque intercultural. Todo el contenido est\u00e1 disponible en YouTube de manera abierta para el p\u00fablico.<\/p>\n<\/div>\n\n\n\n<div class=\"wp-block-column is-vertically-aligned-top is-layout-flow wp-block-column-is-layout-flow\" style=\"flex-basis:50%\">\n<figure class=\"wp-block-embed is-type-video is-provider-youtube wp-block-embed-youtube wp-embed-aspect-16-9 wp-has-aspect-ratio\"><div class=\"wp-block-embed__wrapper\">\n<iframe loading=\"lazy\" title=\"1. Introducci\u00f3n\" width=\"500\" height=\"281\" src=\"https:\/\/www.youtube.com\/embed\/aZjrfjSxcCc?list=PLG3fF8zTalB8t98fNMPPqIVCAv0JSO9us\" frameborder=\"0\" allow=\"accelerometer; autoplay; clipboard-write; encrypted-media; gyroscope; picture-in-picture; web-share\" referrerpolicy=\"strict-origin-when-cross-origin\" allowfullscreen><\/iframe>\n<\/div><\/figure>\n<\/div>\n<\/div>\n<\/div>\n","protected":false},"excerpt":{"rendered":"<p>Investigaci\u00f3n A trav\u00e9s de investigaciones y\/o diagn\u00f3sticos comunicacionales se aporta en la comprensi\u00f3n de las concepciones de salud\/enfermedad, as\u00ed como en las creencias y pr\u00e1cticas de la poblaci\u00f3n para contribuir en la salud de las personas y en la mejora del sistema de salud peruano. Di\u00e1logos interculturales Apostamos por el desarrollo de di\u00e1logos interculturales en [&hellip;]<\/p>\n","protected":false},"author":1,"featured_media":0,"parent":0,"menu_order":3,"comment_status":"closed","ping_status":"closed","template":"page-no-title","meta":{"footnotes":""},"class_list":["post-23","page","type-page","status-publish","hentry"],"_links":{"self":[{"href":"https:\/\/saludsinlimites.pe\/index.php\/wp-json\/wp\/v2\/pages\/23","targetHints":{"allow":["GET"]}}],"collection":[{"href":"https:\/\/saludsinlimites.pe\/index.php\/wp-json\/wp\/v2\/pages"}],"about":[{"href":"https:\/\/saludsinlimites.pe\/index.php\/wp-json\/wp\/v2\/types\/page"}],"author":[{"embeddable":true,"href":"https:\/\/saludsinlimites.pe\/index.php\/wp-json\/wp\/v2\/users\/1"}],"replies":[{"embeddable":true,"href":"https:\/\/saludsinlimites.pe\/index.php\/wp-json\/wp\/v2\/comments?post=23"}],"version-history":[{"count":48,"href":"https:\/\/saludsinlimites.pe\/index.php\/wp-json\/wp\/v2\/pages\/23\/revisions"}],"predecessor-version":[{"id":1836,"href":"https:\/\/saludsinlimites.pe\/index.php\/wp-json\/wp\/v2\/pages\/23\/revisions\/1836"}],"wp:attachment":[{"href":"https:\/\/saludsinlimites.pe\/index.php\/wp-json\/wp\/v2\/media?parent=23"}],"curies":[{"name":"wp","href":"https:\/\/api.w.org\/{rel}","templated":true}]}}