{"id":669,"date":"2025-08-12T20:16:37","date_gmt":"2025-08-13T01:16:37","guid":{"rendered":"http:\/\/localhost\/SSL_Wordpress\/?page_id=669"},"modified":"2025-09-04T18:08:51","modified_gmt":"2025-09-04T23:08:51","slug":"audios","status":"publish","type":"page","link":"https:\/\/saludsinlimites.pe\/index.php\/audios\/","title":{"rendered":"Audios"},"content":{"rendered":"\n<div class=\"wp-block-group alignwide has-base-color has-text-color has-link-color wp-elements-43cab009b5110bef70290c016f5b9217 is-nowrap is-layout-flex wp-container-core-group-is-layout-ae348b72 wp-block-group-is-layout-flex\" style=\"min-height:0px;margin-top:0px;margin-bottom:0px;padding-top:0px;padding-right:var(--wp--preset--spacing--50);padding-bottom:0px;padding-left:var(--wp--preset--spacing--50)\"><div class=\"n2_clear\"><ss3-force-full-width data-overflow-x=\"body\" data-horizontal-selector=\"body\"><div class=\"n2-section-smartslider fitvidsignore  n2_clear\" data-ssid=\"17\"><div id=\"n2-ss-17-align\" class=\"n2-ss-align\"><div class=\"n2-padding\"><div id=\"n2-ss-17\" data-creator=\"Smart Slider 3\" data-responsive=\"fullwidth\" class=\"n2-ss-slider n2-ow n2-has-hover n2notransition  \">\n        <div class=\"n2-ss-slider-1 n2_ss__touch_element n2-ow\">\n            <div class=\"n2-ss-slider-2 n2-ow\">\n                                                <div class=\"n2-ss-slider-3 n2-ow\">\n\n                    <div class=\"n2-ss-slide-backgrounds n2-ow-all\"><div class=\"n2-ss-slide-background\" data-public-id=\"1\" data-mode=\"fill\"><div class=\"n2-ss-slide-background-image\" data-blur=\"0\" data-opacity=\"100\" data-x=\"10\" data-y=\"31\" data-alt=\"\" data-title=\"\" style=\"--ss-o-pos-x:10%;--ss-o-pos-y:31%\"><picture class=\"skip-lazy\" data-skip-lazy=\"1\"><img decoding=\"async\" src=\"\/\/saludsinlimites.pe\/wp-content\/uploads\/2025\/09\/Audioss.png\" alt=\"\" title=\"\" loading=\"lazy\" class=\"skip-lazy\" data-skip-lazy=\"1\"><\/picture><\/div><div data-color=\"RGBA(255,255,255,0)\" style=\"background-color: RGBA(255,255,255,0);\" class=\"n2-ss-slide-background-color\"><\/div><\/div><\/div>                    <div class=\"n2-ss-slider-4 n2-ow\">\n                        <svg xmlns=\"http:\/\/www.w3.org\/2000\/svg\" viewBox=\"0 0 1200 600\" data-related-device=\"desktopPortrait\" class=\"n2-ow n2-ss-preserve-size n2-ss-preserve-size--slider n2-ss-slide-limiter\"><\/svg><div data-first=\"1\" data-slide-duration=\"0\" data-id=\"54\" data-slide-public-id=\"1\" data-title=\"Lamina submenu_1\" class=\"n2-ss-slide n2-ow  n2-ss-slide-54\"><div role=\"note\" class=\"n2-ss-slide--focus\" tabindex=\"-1\">Lamina submenu_1<\/div><div class=\"n2-ss-layers-container n2-ss-slide-limiter n2-ow\"><div class=\"n2-ss-layer n2-ow n-uc-iwhFPkbohVWE\" data-sstype=\"slide\" data-pm=\"default\"><div class=\"n2-ss-layer n2-ow n-uc-kqwY1jsycR5P\" data-pm=\"default\" data-sstype=\"content\" data-hasbackground=\"0\"><div class=\"n2-ss-section-main-content n2-ss-layer-with-background n2-ss-layer-content n2-ow n-uc-kqwY1jsycR5P-inner\"><div class=\"n2-ss-layer n2-ow n-uc-Ez4HUgMrZedd\" data-pm=\"normal\" data-sstype=\"layer\"><div id=\"n2-ss-17item1\" class=\"n2-font-ae4c6accce5ced4c43c5741c09b2293e-hover   n2-ss-item-content n2-ss-text n2-ow\" style=\"display:block;\">&#8211; AUDIOS &#8211;<\/div><\/div><div class=\"n2-ss-layer n2-ow n-uc-H6AiYK14xKlc\" data-pm=\"normal\" data-sstype=\"layer\"><div class=\"n2-ss-item-content n2-ss-text n2-ow-all\"><div class=\"\"><p class=\"n2-font-586267f091e694514274fbea619578d6-paragraph   \">Utilizamos la radio y los mensajes sonoros como herramientas cercanas y efectivas para llegar a comunidades ind\u00edgenas y campesinas durante la campa\u00f1a de vacunaci\u00f3n contra la COVID-19. Estos audios ayudaron a aclarar dudas, combatir la desinformaci\u00f3n y reforzar la confianza en la vacunaci\u00f3n como un derecho que protege la vida.<\/p>\n<\/div><\/div><\/div><\/div><\/div><\/div><\/div><\/div>                    <\/div>\n\n                                    <\/div>\n            <\/div>\n        <\/div>\n        <\/div><ss3-loader><\/ss3-loader><\/div><\/div><div class=\"n2_clear\"><\/div><\/div><\/ss3-force-full-width><\/div>\n\n\n<div style=\"height:50px;width:0px\" aria-hidden=\"true\" class=\"wp-block-spacer wp-container-content-e1bb55cb\"><\/div>\n<\/div>\n\n\n\n<div class=\"wp-block-group alignfull has-global-padding is-layout-constrained wp-container-core-group-is-layout-d89aad35 wp-block-group-is-layout-constrained\" style=\"margin-top:0;margin-bottom:0;padding-top:var(--wp--preset--spacing--50);padding-right:var(--wp--preset--spacing--50);padding-bottom:var(--wp--preset--spacing--50);padding-left:var(--wp--preset--spacing--50)\">\n<div class=\"wp-block-group alignwide has-background is-layout-flow wp-block-group-is-layout-flow\" style=\"border-radius:16px;background:linear-gradient(180deg,rgb(232,244,227) 0%,rgb(249,249,249) 100%);padding-top:var(--wp--preset--spacing--50);padding-right:var(--wp--preset--spacing--50);padding-bottom:var(--wp--preset--spacing--50);padding-left:var(--wp--preset--spacing--50)\">\n<p class=\"has-text-align-center has-heading-font-family has-x-large-font-size\"><strong>Spots Covid 19 _  Acoria, Huancavelica<\/strong><\/p>\n\n\n\n<p><\/p>\n\n\n\n<div class=\"wp-block-group is-layout-grid wp-container-core-group-is-layout-2931688a wp-block-group-is-layout-grid\">\n<p class=\"wp-container-content-9df8e368\">Spot 1. Covid 19 _ Castellano<\/p>\n\n\n\n<figure class=\"wp-block-audio\"><audio controls src=\"https:\/\/saludsinlimites.pe\/wp-content\/uploads\/2025\/08\/SPOT-N\u00b0-01_Acoria-5.mp3\"><\/audio><\/figure>\n<\/div>\n\n\n\n<div class=\"wp-block-group is-layout-grid wp-container-core-group-is-layout-2931688a wp-block-group-is-layout-grid\">\n<p class=\"wp-container-content-9df8e368\">Spot 2. Covid 19 _ Castellano<\/p>\n\n\n\n<figure class=\"wp-block-audio\"><audio controls src=\"https:\/\/saludsinlimites.pe\/wp-content\/uploads\/2025\/08\/SPOT-N\u00b0-02_Acoria-2.mp3\"><\/audio><\/figure>\n<\/div>\n\n\n\n<div class=\"wp-block-group is-layout-grid wp-container-core-group-is-layout-2931688a wp-block-group-is-layout-grid\">\n<p class=\"wp-container-content-9df8e368\">Spot 3. Covid 19  _ Castellano<\/p>\n\n\n\n<figure class=\"wp-block-audio\"><audio controls src=\"https:\/\/saludsinlimites.pe\/wp-content\/uploads\/2025\/08\/SPOT-N\u00b0-03_Acoria-2.mp3\"><\/audio><\/figure>\n<\/div>\n\n\n\n<div class=\"wp-block-group is-layout-grid wp-container-core-group-is-layout-2931688a wp-block-group-is-layout-grid\">\n<p class=\"wp-container-content-9df8e368\">Spot 4. Covid 19 _ Castellano<\/p>\n\n\n\n<figure class=\"wp-block-audio\"><audio controls src=\"https:\/\/saludsinlimites.pe\/wp-content\/uploads\/2025\/08\/SPOT-N\u00b0-04_Acoria-1.mp3\"><\/audio><\/figure>\n<\/div>\n<\/div>\n\n\n\n<div class=\"wp-block-group alignwide has-background is-layout-flow wp-block-group-is-layout-flow\" style=\"border-radius:16px;background:linear-gradient(180deg,rgb(232,244,227) 0%,rgb(249,249,249) 100%);padding-top:var(--wp--preset--spacing--50);padding-right:var(--wp--preset--spacing--50);padding-bottom:var(--wp--preset--spacing--50);padding-left:var(--wp--preset--spacing--50)\">\n<p class=\"has-text-align-center has-heading-font-family has-x-large-font-size\"><strong>Spots Covid 19 _ Kakuma kukamiria, Loreto <\/strong><\/p>\n\n\n\n<div class=\"wp-block-group is-layout-grid wp-container-core-group-is-layout-2931688a wp-block-group-is-layout-grid\">\n<p class=\"wp-container-content-9df8e368\">Spot 1. Covid 19 _ Castellano<\/p>\n\n\n\n<figure class=\"wp-block-audio\"><audio controls src=\"https:\/\/saludsinlimites.pe\/wp-content\/uploads\/2025\/08\/Spot-N\u00b01_Espanol_Soy_Kukama-3.mp3\"><\/audio><\/figure>\n<\/div>\n\n\n\n<div class=\"wp-block-group is-layout-grid wp-container-core-group-is-layout-2931688a wp-block-group-is-layout-grid\">\n<p class=\"wp-container-content-9df8e368\">Spot 1. Covid 19 _ Kukama kukamiria<\/p>\n\n\n\n<figure class=\"wp-block-audio\"><audio controls src=\"https:\/\/saludsinlimites.pe\/wp-content\/uploads\/2025\/08\/Spot-N\u00b01_Kukuama_Soy_Kukama-2.mp3\"><\/audio><\/figure>\n<\/div>\n\n\n\n<div class=\"wp-block-group is-layout-grid wp-container-core-group-is-layout-2931688a wp-block-group-is-layout-grid\">\n<p class=\"wp-container-content-9df8e368\">Spot 2. Covid 19 _ Castellano<\/p>\n\n\n\n<figure class=\"wp-block-audio\"><audio controls src=\"https:\/\/saludsinlimites.pe\/wp-content\/uploads\/2025\/08\/Spot-N\u00b02_Espanol_Soy_Kukama-2.mp3\"><\/audio><\/figure>\n<\/div>\n\n\n\n<div class=\"wp-block-group is-layout-grid wp-container-core-group-is-layout-2931688a wp-block-group-is-layout-grid\">\n<p class=\"wp-container-content-9df8e368\">Spot 2. Covid 19 &#8211; Kakuma kukamiria<\/p>\n\n\n\n<figure class=\"wp-block-audio\"><audio controls src=\"https:\/\/saludsinlimites.pe\/wp-content\/uploads\/2025\/08\/Spot-N\u00b02_Kukama_Soy_Kukama-1.mp3\"><\/audio><\/figure>\n<\/div>\n<\/div>\n\n\n\n<div class=\"wp-block-group alignwide has-background is-layout-flow wp-block-group-is-layout-flow\" style=\"border-radius:16px;background:linear-gradient(180deg,rgb(232,244,227) 0%,rgb(249,249,249) 100%);padding-top:var(--wp--preset--spacing--50);padding-right:var(--wp--preset--spacing--50);padding-bottom:var(--wp--preset--spacing--50);padding-left:var(--wp--preset--spacing--50)\">\n<p class=\"has-text-align-center has-heading-font-family has-x-large-font-size\"><strong>Spots Covid 19 _ Shipibo konibo, Ucayali<\/strong><\/p>\n\n\n\n<div class=\"wp-block-group is-layout-grid wp-container-core-group-is-layout-2931688a wp-block-group-is-layout-grid\">\n<p class=\"wp-container-content-9df8e368\">Spot 1. Covid 19 _ Castellano<\/p>\n\n\n\n<figure class=\"wp-block-audio\"><audio controls src=\"https:\/\/saludsinlimites.pe\/wp-content\/uploads\/2025\/08\/Spot-N\u00b01_Espanol_Soy_Shipiba-2.mp3\"><\/audio><\/figure>\n<\/div>\n\n\n\n<div class=\"wp-block-group is-layout-grid wp-container-core-group-is-layout-2931688a wp-block-group-is-layout-grid\">\n<p class=\"wp-container-content-9df8e368\">Spot 1. Covid 19 _ Shipibo conibo<\/p>\n\n\n\n<figure class=\"wp-block-audio\"><audio controls src=\"https:\/\/saludsinlimites.pe\/wp-content\/uploads\/2025\/08\/Spot-N\u00b01_Shipibo_Soy_Shipiba-2.mp3\"><\/audio><\/figure>\n<\/div>\n\n\n\n<div class=\"wp-block-group is-layout-grid wp-container-core-group-is-layout-2931688a wp-block-group-is-layout-grid\">\n<p class=\"wp-container-content-9df8e368\">Spot 2. Covid 19 _ Castellano<\/p>\n\n\n\n<figure class=\"wp-block-audio\"><audio controls src=\"https:\/\/saludsinlimites.pe\/wp-content\/uploads\/2025\/08\/Spot-N\u00b02_Espanol_Soy_Shipibo-2.mp3\"><\/audio><\/figure>\n<\/div>\n\n\n\n<div class=\"wp-block-group is-layout-grid wp-container-core-group-is-layout-2931688a wp-block-group-is-layout-grid\">\n<p class=\"wp-container-content-9df8e368\">Spot 2. Covid 19 _ Shipibo conibo<\/p>\n\n\n\n<figure class=\"wp-block-audio\"><audio controls src=\"https:\/\/saludsinlimites.pe\/wp-content\/uploads\/2025\/08\/Spot-N\u00b02_Shipibo_Soy_Shipibo-1.mp3\"><\/audio><\/figure>\n<\/div>\n<\/div>\n\n\n\n<div class=\"wp-block-group alignwide has-background is-layout-flow wp-block-group-is-layout-flow\" style=\"border-radius:16px;background:linear-gradient(180deg,rgb(232,244,227) 0%,rgb(249,249,249) 100%);padding-top:var(--wp--preset--spacing--50);padding-right:var(--wp--preset--spacing--50);padding-bottom:var(--wp--preset--spacing--50);padding-left:var(--wp--preset--spacing--50)\">\n<p class=\"has-text-align-center has-heading-font-family has-x-large-font-size\"><strong>Jingles Huancavel\u00edca, Loreto y Ucayali _ Covid 19<\/strong><\/p>\n\n\n\n<div class=\"wp-block-group is-layout-grid wp-container-core-group-is-layout-2931688a wp-block-group-is-layout-grid\">\n<p class=\"wp-container-content-9df8e368\">Jingle Covid 19 _ Acoria, Huancavel\u00edca<\/p>\n\n\n\n<figure class=\"wp-block-audio\"><audio controls src=\"https:\/\/saludsinlimites.pe\/wp-content\/uploads\/2025\/08\/FINAL_Jingle_Master_Acoria-1.wav\"><\/audio><\/figure>\n<\/div>\n\n\n\n<div class=\"wp-block-group is-layout-grid wp-container-core-group-is-layout-2931688a wp-block-group-is-layout-grid\">\n<p class=\"wp-container-content-9df8e368\">Jingle Covid 19 _ Kukama kukamiria, Loreto<\/p>\n\n\n\n<figure class=\"wp-block-audio\"><audio controls src=\"https:\/\/saludsinlimites.pe\/wp-content\/uploads\/2025\/08\/FINAL_jingle_Kukama_Loreto-1.mp3\"><\/audio><\/figure>\n<\/div>\n\n\n\n<div class=\"wp-block-group is-layout-grid wp-container-core-group-is-layout-2931688a wp-block-group-is-layout-grid\">\n<p class=\"wp-container-content-9df8e368\">Jingle Covid 19 _ Shipibo conibo, Ucayali<\/p>\n\n\n\n<figure class=\"wp-block-audio\"><audio controls src=\"https:\/\/saludsinlimites.pe\/wp-content\/uploads\/2025\/08\/FINAL_Jingle_Shipibo_Ucayali.wav\"><\/audio><\/figure>\n<\/div>\n<\/div>\n<\/div>\n\n\n\n<div class=\"wp-block-group alignfull has-global-padding is-layout-constrained wp-container-core-group-is-layout-d89aad35 wp-block-group-is-layout-constrained\" style=\"margin-top:0;margin-bottom:0;padding-top:var(--wp--preset--spacing--50);padding-right:var(--wp--preset--spacing--50);padding-bottom:var(--wp--preset--spacing--50);padding-left:var(--wp--preset--spacing--50)\"><\/div>\n","protected":false},"excerpt":{"rendered":"<p>Spots Covid 19 _ Acoria, Huancavelica Spot 1. Covid 19 _ Castellano Spot 2. Covid 19 _ Castellano Spot 3. Covid 19 _ Castellano Spot 4. Covid 19 _ Castellano Spots Covid 19 _ Kakuma kukamiria, Loreto Spot 1. Covid 19 _ Castellano Spot 1. Covid 19 _ Kukama kukamiria Spot 2. Covid 19 _ [&hellip;]<\/p>\n","protected":false},"author":1,"featured_media":0,"parent":0,"menu_order":0,"comment_status":"closed","ping_status":"closed","template":"page-no-title","meta":{"footnotes":""},"class_list":["post-669","page","type-page","status-publish","hentry"],"_links":{"self":[{"href":"https:\/\/saludsinlimites.pe\/index.php\/wp-json\/wp\/v2\/pages\/669","targetHints":{"allow":["GET"]}}],"collection":[{"href":"https:\/\/saludsinlimites.pe\/index.php\/wp-json\/wp\/v2\/pages"}],"about":[{"href":"https:\/\/saludsinlimites.pe\/index.php\/wp-json\/wp\/v2\/types\/page"}],"author":[{"embeddable":true,"href":"https:\/\/saludsinlimites.pe\/index.php\/wp-json\/wp\/v2\/users\/1"}],"replies":[{"embeddable":true,"href":"https:\/\/saludsinlimites.pe\/index.php\/wp-json\/wp\/v2\/comments?post=669"}],"version-history":[{"count":49,"href":"https:\/\/saludsinlimites.pe\/index.php\/wp-json\/wp\/v2\/pages\/669\/revisions"}],"predecessor-version":[{"id":1435,"href":"https:\/\/saludsinlimites.pe\/index.php\/wp-json\/wp\/v2\/pages\/669\/revisions\/1435"}],"wp:attachment":[{"href":"https:\/\/saludsinlimites.pe\/index.php\/wp-json\/wp\/v2\/media?parent=669"}],"curies":[{"name":"wp","href":"https:\/\/api.w.org\/{rel}","templated":true}]}}