{"id":911,"date":"2025-08-20T17:40:05","date_gmt":"2025-08-20T22:40:05","guid":{"rendered":"http:\/\/localhost\/SSL_Wordpress\/?page_id=911"},"modified":"2025-09-15T09:49:54","modified_gmt":"2025-09-15T14:49:54","slug":"publicaciones-2","status":"publish","type":"page","link":"https:\/\/saludsinlimites.pe\/index.php\/publicaciones-2\/","title":{"rendered":"PUBLICACIONES"},"content":{"rendered":"<div class=\"n2_clear\"><ss3-force-full-width data-overflow-x=\"body\" data-horizontal-selector=\"body\"><div class=\"n2-section-smartslider fitvidsignore  n2_clear\" data-ssid=\"10\"><div id=\"n2-ss-10-align\" class=\"n2-ss-align\"><div class=\"n2-padding\"><div id=\"n2-ss-10\" data-creator=\"Smart Slider 3\" data-responsive=\"fullwidth\" class=\"n2-ss-slider n2-ow n2-has-hover n2notransition  \">\n        <div class=\"n2-ss-slider-1 n2_ss__touch_element n2-ow\">\n            <div class=\"n2-ss-slider-2 n2-ow\">\n                                                <div class=\"n2-ss-slider-3 n2-ow\">\n\n                    <div class=\"n2-ss-slide-backgrounds n2-ow-all\"><div class=\"n2-ss-slide-background\" data-public-id=\"1\" data-mode=\"fill\"><div data-color=\"RGBA(255,255,255,1)\" style=\"background-color: RGBA(255,255,255,1);\" class=\"n2-ss-slide-background-color\"><\/div><\/div><\/div>                    <div class=\"n2-ss-slider-4 n2-ow\">\n                        <svg xmlns=\"http:\/\/www.w3.org\/2000\/svg\" viewBox=\"0 0 1920 1080\" data-related-device=\"desktopPortrait\" class=\"n2-ow n2-ss-preserve-size n2-ss-preserve-size--slider n2-ss-slide-limiter\"><\/svg><div data-first=\"1\" data-slide-duration=\"0\" data-id=\"38\" data-slide-public-id=\"1\" data-title=\"Fashion\" class=\"n2-ss-slide n2-ow  n2-ss-slide-38\"><div role=\"note\" class=\"n2-ss-slide--focus\" tabindex=\"-1\">Fashion<\/div><div class=\"n2-ss-layers-container n2-ss-slide-limiter n2-ow\"><div class=\"n2-ss-layer n2-ow n-uc-e1PN7UxRmjdp\" data-sstype=\"slide\" data-pm=\"default\"><div class=\"n2-ss-layer n2-ow n-uc-VJz6szmSgUKE\" data-pm=\"default\" data-sstype=\"content\" data-hasbackground=\"1\"><div class=\"n2-ss-section-main-content n2-ss-layer-with-background n2-ss-layer-content n2-ow n-uc-VJz6szmSgUKE-inner\"><div class=\"n2-ss-layer n2-ow n2-ss-layer--block n2-ss-has-self-align n2-ss-stretch-layer n-uc-Ya7aRntwl7Tf\" data-pm=\"normal\" data-sstype=\"row\"><div class=\"n2-ss-layer-row n2-ss-layer-with-background n-uc-Ya7aRntwl7Tf-inner\"><div class=\"n2-ss-layer-row-inner \"><div class=\"n2-ss-layer n2-ow n-uc-HQH5jEc8I8jm\" data-pm=\"default\" data-sstype=\"col\"><div class=\"n2-ss-layer-col n2-ss-layer-with-background n2-ss-layer-content n-uc-HQH5jEc8I8jm-inner\"><div class=\"n2-ss-layer n2-ow n2-ss-layer--block n2-ss-has-self-align n2-ss-stretch-layer n-uc-PBQ8J1MDwIUN\" data-pm=\"normal\" data-sstype=\"row\" id=\"n5SnBDUJiFQDJ\"><div class=\"n2-ss-layer-row n2-ss-layer-with-background n-uc-PBQ8J1MDwIUN-inner\"><div class=\"n2-ss-layer-row-inner \"><div class=\"n2-ss-layer n2-ow n-uc-nzg0kUKATxdF\" data-pm=\"default\" data-sstype=\"col\"><div class=\"n2-ss-layer-col n2-ss-layer-with-background n2-ss-layer-content n-uc-nzg0kUKATxdF-inner\"><div class=\"n2-ss-layer n2-ow n-uc-lIibNCjrzJDO\" data-pm=\"normal\" data-sstype=\"layer\"><h6 id=\"n2-ss-10item1\" class=\"n2-font-ad9e42678d494ab8d1a8d27fbd989714-hover   n2-ss-item-content n2-ss-text n2-ow\" style=\"display:block;\">&#8211; PUBLICACIONES &#8211;<\/h6><\/div><div class=\"n2-ss-layer n2-ow n2-ss-layer--block n2-ss-has-self-align n-uc-x3DPuS4zRaPx\" data-pm=\"normal\" data-sstype=\"row\"><div class=\"n2-ss-layer-row n2-ss-layer-with-background n-uc-x3DPuS4zRaPx-inner\"><div class=\"n2-ss-layer-row-inner \"><div class=\"n2-ss-layer n2-ow n-uc-Bfw2qkOMJloG\" data-pm=\"default\" data-sstype=\"col\"><div class=\"n2-ss-layer-col n2-ss-layer-with-background n2-ss-layer-content n-uc-Bfw2qkOMJloG-inner\"><div class=\"n2-ss-layer n2-ow n-uc-LNMIMEEcj5s8\" data-pm=\"normal\" data-sstype=\"layer\"><div class=\"n2-ss-item-content n2-ss-text n2-ow-all\"><div class=\"\"><p class=\"n2-font-84179e5f2223298d982130c374dc47d3-paragraph   \">En Salud Sin L\u00edmites Per\u00fa creemos que el conocimiento debe estar al servicio de las comunidades. Por ello, esta secci\u00f3n re\u00fane nuestras publicaciones: materiales elaborados a partir del trabajo en terreno y la colaboraci\u00f3n con personal de salud, l\u00edderes comunitarios y organizaciones locales.<\/p>\n<\/div><\/div><\/div><div class=\"n2-ss-layer n2-ow n2-ss-layer--auto n2-ss-has-self-align n-uc-3KzG14ME5evg\" data-pm=\"normal\" data-sstype=\"row\"><div class=\"n2-ss-layer-row n2-ss-layer-with-background n-uc-3KzG14ME5evg-inner\"><div class=\"n2-ss-layer-row-inner \"><div class=\"n2-ss-layer n2-ow n-uc-Kxk4fOJT6hZf\" data-pm=\"default\" data-sstype=\"col\"><div class=\"n2-ss-layer-col n2-ss-layer-with-background n2-ss-layer-content n-uc-Kxk4fOJT6hZf-inner\"><\/div><\/div><div class=\"n2-ss-layer n2-ow n-uc-FwhyJRZnrv1o\" data-pm=\"default\" data-sstype=\"col\"><div class=\"n2-ss-layer-col n2-ss-layer-with-background n2-ss-layer-content n-uc-FwhyJRZnrv1o-inner\"><\/div><\/div><\/div><\/div><\/div><\/div><\/div><\/div><\/div><\/div><div class=\"n2-ss-layer n2-ow n2-ss-layer--block n2-ss-has-self-align n-uc-EM9DreK2bDbJ\" data-pm=\"normal\" data-hidetabletportrait=\"1\" data-hidemobileportrait=\"1\" data-sstype=\"row\"><div class=\"n2-ss-layer-row n2-ss-layer-with-background n-uc-EM9DreK2bDbJ-inner\"><div class=\"n2-ss-layer-row-inner \"><div class=\"n2-ss-layer n2-ow n-uc-NaE4Q7su9QIx\" data-pm=\"default\" data-href=\"https:\/\/saludsinlimites.pe\/index.php\/publicaciones\/\" tabindex=\"0\" role=\"button\" data-n2click=\"url\" data-force-pointer=\"\" data-sstype=\"col\"><div class=\"n2-ss-layer-col n2-ss-layer-with-background n2-ss-layer-content n-uc-NaE4Q7su9QIx-inner\"><div class=\"n2-ss-layer n2-ow n-uc-g549Fd1qGWuO\" data-pm=\"normal\" data-sstype=\"layer\"><div class=\" n2-ss-item-image-content n2-ss-item-content n2-ow-all\"><img loading=\"lazy\" decoding=\"async\" id=\"n2-ss-10item3\" alt=\"\" class=\"skip-lazy\" width=\"283\" height=\"302\" data-skip-lazy=\"1\" src=\"\/\/saludsinlimites.pe\/wp-content\/uploads\/2025\/08\/Icono-documentos.png\" \/><\/div><\/div><div class=\"n2-ss-layer n2-ow n-uc-sboNIBqeGWaa\" data-pm=\"normal\" data-sstype=\"layer\"><div class=\"n2-ss-item-content n2-ss-text n2-ow-all\"><div class=\"\"><p class=\"n2-font-b78dbfdf107929d26f3c4b90976c3f5f-paragraph   \"><b>DOCUMENTOS<\/b><\/p>\n<\/div><\/div><\/div><\/div><\/div><div class=\"n2-ss-layer n2-ow n-uc-1c32417fee9d8\" data-pm=\"default\" data-href=\"https:\/\/saludsinlimites.pe\/index.php\/videos\/\" tabindex=\"0\" role=\"button\" data-n2click=\"url\" data-force-pointer=\"\" data-sstype=\"col\"><div class=\"n2-ss-layer-col n2-ss-layer-with-background n2-ss-layer-content n-uc-1c32417fee9d8-inner\"><div class=\"n2-ss-layer n2-ow n-uc-15b9ae1c4504b\" data-pm=\"normal\" data-sstype=\"layer\"><div class=\" n2-ss-item-image-content n2-ss-item-content n2-ow-all\"><img loading=\"lazy\" decoding=\"async\" id=\"n2-ss-10item5\" alt=\"\" class=\"skip-lazy\" width=\"621\" height=\"471\" data-skip-lazy=\"1\" src=\"\/\/saludsinlimites.pe\/wp-content\/uploads\/2025\/08\/Icono-video-1.png\" \/><\/div><\/div><div class=\"n2-ss-layer n2-ow n-uc-118fd73008792\" data-pm=\"normal\" data-sstype=\"layer\"><div class=\"n2-ss-item-content n2-ss-text n2-ow-all\"><div class=\"\"><p class=\"n2-font-7174f7334b9447aecd9b9d454cdf4bcc-paragraph   \"><b>VIDEOS<\/b><\/p>\n<\/div><\/div><\/div><\/div><\/div><div class=\"n2-ss-layer n2-ow n-uc-AwcNnfUPMoJw\" data-pm=\"default\" data-href=\"https:\/\/saludsinlimites.pe\/index.php\/audios\/\" tabindex=\"0\" role=\"button\" data-n2click=\"url\" data-force-pointer=\"\" data-sstype=\"col\"><div class=\"n2-ss-layer-col n2-ss-layer-with-background n2-ss-layer-content n-uc-AwcNnfUPMoJw-inner\"><div class=\"n2-ss-layer n2-ow n-uc-cBlbz3JoOedz\" data-pm=\"normal\" data-sstype=\"layer\"><div class=\" n2-ss-item-image-content n2-ss-item-content n2-ow-all\"><img loading=\"lazy\" decoding=\"async\" id=\"n2-ss-10item7\" alt=\"\" class=\"skip-lazy\" width=\"480\" height=\"392\" data-skip-lazy=\"1\" src=\"\/\/saludsinlimites.pe\/wp-content\/uploads\/2025\/08\/Icono-audio.png\" \/><\/div><\/div><div class=\"n2-ss-layer n2-ow n-uc-veIem6MqEPdJ\" data-pm=\"normal\" data-sstype=\"layer\"><div class=\"n2-ss-item-content n2-ss-text n2-ow-all\"><div class=\"\"><p class=\"n2-font-65b623ae10113f8fccbda91308b7f63b-paragraph   \"><b>AUDIOS<\/b><\/p>\n<\/div><\/div><\/div><\/div><\/div><\/div><\/div><\/div><\/div><\/div><div class=\"n2-ss-layer n2-ow n-uc-ipy0zGGo0Klt\" data-pm=\"default\" data-sstype=\"col\"><div class=\"n2-ss-layer-col n2-ss-layer-with-background n2-ss-layer-content n-uc-ipy0zGGo0Klt-inner\"><div class=\"n2-ss-layer n2-ow n-uc-IRu5boRWEOJq\" data-pm=\"normal\" data-sstype=\"layer\"><div class=\" n2-ss-item-image-content n2-ss-item-content n2-ow-all\"><img loading=\"lazy\" decoding=\"async\" id=\"n2-ss-10item9\" alt=\"\" class=\"skip-lazy\" width=\"960\" height=\"1050\" data-skip-lazy=\"1\" src=\"\/\/saludsinlimites.pe\/wp-content\/uploads\/2025\/09\/Publicaciones2.png\" \/><\/div><\/div><\/div><\/div><\/div><\/div><\/div><\/div><\/div><\/div><\/div><\/div><\/div><\/div><\/div><\/div><\/div>                    <\/div>\n\n                                    <\/div>\n            <\/div>\n        <\/div>\n        <\/div><ss3-loader><\/ss3-loader><\/div><\/div><div class=\"n2_clear\"><\/div><\/div><\/ss3-force-full-width><\/div>\n\n\n<p class=\"has-heading-font-family\" style=\"font-size:clamp(14px, 0.875rem + ((1vw - 3.2px) * 0.625), 20px);\">En Salud Sin L\u00edmites Per\u00fa creemos que el conocimiento compartido es una herramienta poderosa para transformar la salud y mejorar la calidad de vida de las personas y comunidades. Por ello, ponemos a disposici\u00f3n esta secci\u00f3n de Publicaciones, un espacio dise\u00f1ado para difundir materiales t\u00e9cnicos, educativos y de investigaci\u00f3n que reflejan nuestra experiencia de trabajo en el pa\u00eds.<\/p>\n\n\n\n<p class=\"has-heading-font-family\" style=\"font-size:clamp(14px, 0.875rem + ((1vw - 3.2px) * 0.625), 20px);\">Aqu\u00ed encontrar\u00e1 art\u00edculos, gu\u00edas, manuales, informes y m\u00f3dulos elaborados con un enfoque de pertinencia intercultural, equidad de g\u00e9nero y respeto a los derechos humanos. A trav\u00e9s de estos documentos, buscamos no solo informar, sino tambi\u00e9n formar y motivar a quienes d\u00eda a d\u00eda trabajan por el bienestar de la poblaci\u00f3n.<\/p>\n\n\n\n<p class=\"has-heading-font-family\" style=\"font-size:clamp(14px, 0.875rem + ((1vw - 3.2px) * 0.625), 20px);\">Como organizaci\u00f3n, entendemos que el acceso a informaci\u00f3n clara, confiable y actualizada es clave para la toma de decisiones y la construcci\u00f3n de pol\u00edticas p\u00fablicas efectivas. Por eso, este espacio se renueva constantemente con nuevos materiales que recogen aprendizajes, experiencias y evidencias generadas en nuestras intervenciones en diversas regiones del Per\u00fa.<\/p>\n\n\n\n<p class=\"has-heading-font-family\" style=\"font-size:clamp(14px, 0.875rem + ((1vw - 3.2px) * 0.625), 20px);\"><\/p>\n\n\n\n<p class=\"has-heading-font-family\" style=\"font-size:clamp(14px, 0.875rem + ((1vw - 3.2px) * 0.625), 20px);\"><\/p>\n","protected":false},"excerpt":{"rendered":"<p>En Salud Sin L\u00edmites Per\u00fa creemos que el conocimiento compartido es una herramienta poderosa para transformar la salud y mejorar la calidad de vida de las personas y comunidades. Por ello, ponemos a disposici\u00f3n esta secci\u00f3n de Publicaciones, un espacio dise\u00f1ado para difundir materiales t\u00e9cnicos, educativos y de investigaci\u00f3n que reflejan nuestra experiencia de trabajo [&hellip;]<\/p>\n","protected":false},"author":1,"featured_media":0,"parent":0,"menu_order":0,"comment_status":"closed","ping_status":"closed","template":"page-no-title","meta":{"footnotes":""},"class_list":["post-911","page","type-page","status-publish","hentry"],"_links":{"self":[{"href":"https:\/\/saludsinlimites.pe\/index.php\/wp-json\/wp\/v2\/pages\/911","targetHints":{"allow":["GET"]}}],"collection":[{"href":"https:\/\/saludsinlimites.pe\/index.php\/wp-json\/wp\/v2\/pages"}],"about":[{"href":"https:\/\/saludsinlimites.pe\/index.php\/wp-json\/wp\/v2\/types\/page"}],"author":[{"embeddable":true,"href":"https:\/\/saludsinlimites.pe\/index.php\/wp-json\/wp\/v2\/users\/1"}],"replies":[{"embeddable":true,"href":"https:\/\/saludsinlimites.pe\/index.php\/wp-json\/wp\/v2\/comments?post=911"}],"version-history":[{"count":3,"href":"https:\/\/saludsinlimites.pe\/index.php\/wp-json\/wp\/v2\/pages\/911\/revisions"}],"predecessor-version":[{"id":1556,"href":"https:\/\/saludsinlimites.pe\/index.php\/wp-json\/wp\/v2\/pages\/911\/revisions\/1556"}],"wp:attachment":[{"href":"https:\/\/saludsinlimites.pe\/index.php\/wp-json\/wp\/v2\/media?parent=911"}],"curies":[{"name":"wp","href":"https:\/\/api.w.org\/{rel}","templated":true}]}}